{"id":71033,"date":"2025-03-06T17:30:12","date_gmt":"2025-03-06T15:30:12","guid":{"rendered":"https:\/\/freshgarbage.fi\/tuote\/oliver-lake-jump-up\/"},"modified":"2025-03-06T17:30:12","modified_gmt":"2025-03-06T15:30:12","slug":"oliver-lake-jump-up","status":"publish","type":"product","link":"https:\/\/freshgarbage.fi\/en\/product\/oliver-lake-jump-up\/","title":{"rendered":"Oliver Lake \u2013 Jump Up"},"content":{"rendered":"","protected":false},"excerpt":{"rendered":"<p>Enemm\u00e4n kevytt\u00e4 sis\u00e4pussij\u00e4lke\u00e4, soi hienosti.<\/p>\n","protected":false},"featured_media":30866,"template":"","meta":{"_acf_changed":false},"product_brand":[],"product_cat":[122,115],"product_tag":[],"class_list":{"0":"post-71033","1":"product","2":"type-product","3":"status-publish","4":"has-post-thumbnail","6":"product_cat-jazz-fusion-en","7":"product_cat-reggae-dub-dancehall-ska-en","8":"pa_formaatti-lp-en","9":"pa_kaytetty-uusi-2nd-hand","11":"first","12":"instock","13":"shipping-taxable","14":"purchasable","15":"product-type-simple"},"acf":[],"_links":{"self":[{"href":"https:\/\/freshgarbage.fi\/en\/wp-json\/wp\/v2\/product\/71033","targetHints":{"allow":["GET"]}}],"collection":[{"href":"https:\/\/freshgarbage.fi\/en\/wp-json\/wp\/v2\/product"}],"about":[{"href":"https:\/\/freshgarbage.fi\/en\/wp-json\/wp\/v2\/types\/product"}],"wp:featuredmedia":[{"embeddable":true,"href":"https:\/\/freshgarbage.fi\/en\/wp-json\/wp\/v2\/media\/30866"}],"wp:attachment":[{"href":"https:\/\/freshgarbage.fi\/en\/wp-json\/wp\/v2\/media?parent=71033"}],"wp:term":[{"taxonomy":"product_brand","embeddable":true,"href":"https:\/\/freshgarbage.fi\/en\/wp-json\/wp\/v2\/product_brand?post=71033"},{"taxonomy":"product_cat","embeddable":true,"href":"https:\/\/freshgarbage.fi\/en\/wp-json\/wp\/v2\/product_cat?post=71033"},{"taxonomy":"product_tag","embeddable":true,"href":"https:\/\/freshgarbage.fi\/en\/wp-json\/wp\/v2\/product_tag?post=71033"}],"curies":[{"name":"wp","href":"https:\/\/api.w.org\/{rel}","templated":true}]}}