{"id":70975,"date":"2025-09-29T11:32:47","date_gmt":"2025-09-29T08:32:47","guid":{"rendered":"https:\/\/freshgarbage.fi\/tuote\/barbara-gryfe-what-the-world-needs-now\/"},"modified":"2025-09-29T11:32:47","modified_gmt":"2025-09-29T08:32:47","slug":"barbara-gryfe-what-the-world-needs-now","status":"publish","type":"product","link":"https:\/\/freshgarbage.fi\/en\/product\/barbara-gryfe-what-the-world-needs-now\/","title":{"rendered":"Barbara Gryfe \u2013 What The World Needs Now"},"content":{"rendered":"","protected":false},"excerpt":{"rendered":"<p>Alkuper\u00e4inen Kanada-painos.<\/p>\n<p>Ilmeisesti CBC-radiokanavan poistokappale, koska takakannessa heid\u00e4n &#8220;omistusleimoja&#8221;. Lis\u00e4ksi joitakin kyn\u00e4merkint\u00f6j\u00e4 ja kulumaa. Levyss\u00e4 pintaj\u00e4lke\u00e4, mutta soi ilman suurempia ongelmia. Jokunen hento rapsu\/napsu.<\/p>\n","protected":false},"featured_media":55800,"template":"","meta":{"_acf_changed":false},"product_brand":[],"product_cat":[116],"product_tag":[],"class_list":{"0":"post-70975","1":"product","2":"type-product","3":"status-publish","4":"has-post-thumbnail","6":"product_cat-rock-pop-en","7":"pa_formaatti-lp-en","8":"pa_kaytetty-uusi-2nd-hand","10":"first","11":"instock","12":"shipping-taxable","13":"purchasable","14":"product-type-simple"},"acf":[],"_links":{"self":[{"href":"https:\/\/freshgarbage.fi\/en\/wp-json\/wp\/v2\/product\/70975","targetHints":{"allow":["GET"]}}],"collection":[{"href":"https:\/\/freshgarbage.fi\/en\/wp-json\/wp\/v2\/product"}],"about":[{"href":"https:\/\/freshgarbage.fi\/en\/wp-json\/wp\/v2\/types\/product"}],"wp:featuredmedia":[{"embeddable":true,"href":"https:\/\/freshgarbage.fi\/en\/wp-json\/wp\/v2\/media\/55800"}],"wp:attachment":[{"href":"https:\/\/freshgarbage.fi\/en\/wp-json\/wp\/v2\/media?parent=70975"}],"wp:term":[{"taxonomy":"product_brand","embeddable":true,"href":"https:\/\/freshgarbage.fi\/en\/wp-json\/wp\/v2\/product_brand?post=70975"},{"taxonomy":"product_cat","embeddable":true,"href":"https:\/\/freshgarbage.fi\/en\/wp-json\/wp\/v2\/product_cat?post=70975"},{"taxonomy":"product_tag","embeddable":true,"href":"https:\/\/freshgarbage.fi\/en\/wp-json\/wp\/v2\/product_tag?post=70975"}],"curies":[{"name":"wp","href":"https:\/\/api.w.org\/{rel}","templated":true}]}}