{"id":70951,"date":"2025-04-16T12:00:30","date_gmt":"2025-04-16T09:00:30","guid":{"rendered":"https:\/\/freshgarbage.fi\/tuote\/well-pleased-satisfied-love-train\/"},"modified":"2025-04-16T12:00:30","modified_gmt":"2025-04-16T09:00:30","slug":"well-pleased-satisfied-love-train","status":"publish","type":"product","link":"https:\/\/freshgarbage.fi\/en\/product\/well-pleased-satisfied-love-train\/","title":{"rendered":"Well Pleased &#038; Satisfied \u2013 Love Train"},"content":{"rendered":"","protected":false},"excerpt":{"rendered":"<p>Alkuper\u00e4inen UK-painos.<\/p>\n<ul>\n<li>Pient\u00e4 ylim\u00e4\u00e4r\u00e4ist\u00e4 tausta\u00e4\u00e4nt\u00e4 muutamin paikoin.<\/li>\n<li>Hieman reunakulumaa ja taittumaa.<\/li>\n<\/ul>\n","protected":false},"featured_media":33391,"template":"","meta":{"_acf_changed":false},"product_brand":[],"product_cat":[115],"product_tag":[],"class_list":{"0":"post-70951","1":"product","2":"type-product","3":"status-publish","4":"has-post-thumbnail","6":"product_cat-reggae-dub-dancehall-ska-en","7":"pa_formaatti-lp-en","8":"pa_kaytetty-uusi-2nd-hand","10":"first","11":"instock","12":"shipping-taxable","13":"purchasable","14":"product-type-simple"},"acf":[],"_links":{"self":[{"href":"https:\/\/freshgarbage.fi\/en\/wp-json\/wp\/v2\/product\/70951","targetHints":{"allow":["GET"]}}],"collection":[{"href":"https:\/\/freshgarbage.fi\/en\/wp-json\/wp\/v2\/product"}],"about":[{"href":"https:\/\/freshgarbage.fi\/en\/wp-json\/wp\/v2\/types\/product"}],"wp:featuredmedia":[{"embeddable":true,"href":"https:\/\/freshgarbage.fi\/en\/wp-json\/wp\/v2\/media\/33391"}],"wp:attachment":[{"href":"https:\/\/freshgarbage.fi\/en\/wp-json\/wp\/v2\/media?parent=70951"}],"wp:term":[{"taxonomy":"product_brand","embeddable":true,"href":"https:\/\/freshgarbage.fi\/en\/wp-json\/wp\/v2\/product_brand?post=70951"},{"taxonomy":"product_cat","embeddable":true,"href":"https:\/\/freshgarbage.fi\/en\/wp-json\/wp\/v2\/product_cat?post=70951"},{"taxonomy":"product_tag","embeddable":true,"href":"https:\/\/freshgarbage.fi\/en\/wp-json\/wp\/v2\/product_tag?post=70951"}],"curies":[{"name":"wp","href":"https:\/\/api.w.org\/{rel}","templated":true}]}}