{"id":70848,"date":"2025-10-14T11:50:19","date_gmt":"2025-10-14T08:50:19","guid":{"rendered":"https:\/\/freshgarbage.fi\/tuote\/santana-amigos\/"},"modified":"2025-10-14T11:50:19","modified_gmt":"2025-10-14T08:50:19","slug":"santana-amigos","status":"publish","type":"product","link":"https:\/\/freshgarbage.fi\/en\/product\/santana-amigos\/","title":{"rendered":"Santana \u2013 Amigos"},"content":{"rendered":"","protected":false},"excerpt":{"rendered":"<p>Varhainen Eurooppa-painos. Reunakulumaa, etenkin selk\u00e4myksess\u00e4. Hieman kevytt\u00e4 j\u00e4lke\u00e4, soi hyvin.<\/p>\n","protected":false},"featured_media":56822,"template":"","meta":{"_acf_changed":false},"product_brand":[],"product_cat":[116],"product_tag":[],"class_list":{"0":"post-70848","1":"product","2":"type-product","3":"status-publish","4":"has-post-thumbnail","6":"product_cat-rock-pop-en","7":"pa_formaatti-lp-en","8":"pa_kaytetty-uusi-2nd-hand","10":"first","11":"instock","12":"shipping-taxable","13":"purchasable","14":"product-type-simple"},"acf":[],"_links":{"self":[{"href":"https:\/\/freshgarbage.fi\/en\/wp-json\/wp\/v2\/product\/70848","targetHints":{"allow":["GET"]}}],"collection":[{"href":"https:\/\/freshgarbage.fi\/en\/wp-json\/wp\/v2\/product"}],"about":[{"href":"https:\/\/freshgarbage.fi\/en\/wp-json\/wp\/v2\/types\/product"}],"wp:featuredmedia":[{"embeddable":true,"href":"https:\/\/freshgarbage.fi\/en\/wp-json\/wp\/v2\/media\/56822"}],"wp:attachment":[{"href":"https:\/\/freshgarbage.fi\/en\/wp-json\/wp\/v2\/media?parent=70848"}],"wp:term":[{"taxonomy":"product_brand","embeddable":true,"href":"https:\/\/freshgarbage.fi\/en\/wp-json\/wp\/v2\/product_brand?post=70848"},{"taxonomy":"product_cat","embeddable":true,"href":"https:\/\/freshgarbage.fi\/en\/wp-json\/wp\/v2\/product_cat?post=70848"},{"taxonomy":"product_tag","embeddable":true,"href":"https:\/\/freshgarbage.fi\/en\/wp-json\/wp\/v2\/product_tag?post=70848"}],"curies":[{"name":"wp","href":"https:\/\/api.w.org\/{rel}","templated":true}]}}