{"id":70840,"date":"2024-10-26T09:27:14","date_gmt":"2024-10-26T06:27:14","guid":{"rendered":"https:\/\/freshgarbage.fi\/tuote\/no-ei-yli-laidan\/"},"modified":"2024-10-26T09:27:14","modified_gmt":"2024-10-26T06:27:14","slug":"no-ei-yli-laidan","status":"publish","type":"product","link":"https:\/\/freshgarbage.fi\/en\/product\/no-ei-yli-laidan\/","title":{"rendered":"NO EI! \u2013 Yli Laidan"},"content":{"rendered":"","protected":false},"excerpt":{"rendered":"<p>Ahkerasti keikkaileva, tiukkaan hardcorepunkkiin luottava NO EI! -yhtye julkaisee Yli laidan -debyyttialbuminsa vinyylill\u00e4.<\/p>\n<p><em>Sanoituksia yhteiskunnan ep\u00e4kohdista, lahottajasienist\u00e4 ja kovista mimmeist\u00e4.<\/em><\/p>\n<p>NO EI! varastaa metelins\u00e4 ainekset samasta dkminortreathktmkrefusedtblacksabbathblackflagnylonbeat -sammiosta kuin kaikki muutkin. \u201dKuulostamme kuitenkin hetkitt\u00e4in my\u00f6s omalta itselt\u00e4mme\u201d, NO EI! leirist\u00e4 ylpe\u00e4n\u00e4 kommentoidaan.<\/p>\n<p>Sanoituksista vastaava vokalisti Kimmo Pengerkoski puuttuu perinteikk\u00e4\u00e4sti ja kiukulla yhteiskunnan ep\u00e4kohtiin sek\u00e4 vallitsevaan hallituspolitiikkaan.<\/p>\n<p>\u201cLis\u00e4ksi kuullaan historian h\u00e4m\u00e4riin j\u00e4\u00e4neist\u00e4 kovista mimmeist\u00e4 sek\u00e4 progeillaan maailmankaikkeuden kosmisista ihmeist\u00e4 &#8211; ja tietenkin \u00e4\u00e4nen saavat my\u00f6s kaupunkiemme n\u00e4kym\u00e4tt\u00f6m\u00e4t uurastajat, lahottajasienet!\u201d, yhtye valistaa.<\/p>\n<p>Yli laidan -levyn kappaleet ovat:<\/p>\n<p>Viimeiset viivalla<br \/>\nMina\u0308 2.0<br \/>\nJoka alan idiootti<br \/>\nMe emme ole Jumalia<br \/>\nDelete<br \/>\nRosa Clay<br \/>\nLahottajasienet kaupunkipuissa<br \/>\nPahkasian aika<br \/>\nMies yli laidan<br \/>\nFaktankarkoittaja<br \/>\n449<br \/>\nLuomisen pilarit<\/p>\n","protected":false},"featured_media":25343,"template":"","meta":{"_acf_changed":false},"product_brand":[],"product_cat":[120,107,114],"product_tag":[],"class_list":{"0":"post-70840","1":"product","2":"type-product","3":"status-publish","4":"has-post-thumbnail","6":"product_cat-finnish","7":"product_cat-new","8":"product_cat-punk-hardcore-psychobilly-en","9":"pa_formaatti-lp-en","10":"pa_kaytetty-uusi-new","12":"first","13":"instock","14":"taxable","15":"shipping-taxable","16":"purchasable","17":"product-type-simple"},"acf":[],"_links":{"self":[{"href":"https:\/\/freshgarbage.fi\/en\/wp-json\/wp\/v2\/product\/70840","targetHints":{"allow":["GET"]}}],"collection":[{"href":"https:\/\/freshgarbage.fi\/en\/wp-json\/wp\/v2\/product"}],"about":[{"href":"https:\/\/freshgarbage.fi\/en\/wp-json\/wp\/v2\/types\/product"}],"wp:featuredmedia":[{"embeddable":true,"href":"https:\/\/freshgarbage.fi\/en\/wp-json\/wp\/v2\/media\/25343"}],"wp:attachment":[{"href":"https:\/\/freshgarbage.fi\/en\/wp-json\/wp\/v2\/media?parent=70840"}],"wp:term":[{"taxonomy":"product_brand","embeddable":true,"href":"https:\/\/freshgarbage.fi\/en\/wp-json\/wp\/v2\/product_brand?post=70840"},{"taxonomy":"product_cat","embeddable":true,"href":"https:\/\/freshgarbage.fi\/en\/wp-json\/wp\/v2\/product_cat?post=70840"},{"taxonomy":"product_tag","embeddable":true,"href":"https:\/\/freshgarbage.fi\/en\/wp-json\/wp\/v2\/product_tag?post=70840"}],"curies":[{"name":"wp","href":"https:\/\/api.w.org\/{rel}","templated":true}]}}