{"id":70812,"date":"2025-10-17T11:19:16","date_gmt":"2025-10-17T08:19:16","guid":{"rendered":"https:\/\/freshgarbage.fi\/tuote\/the-rolling-stones-the-rolling-stones\/"},"modified":"2025-10-17T11:19:16","modified_gmt":"2025-10-17T08:19:16","slug":"the-rolling-stones-the-rolling-stones","status":"publish","type":"product","link":"https:\/\/freshgarbage.fi\/en\/product\/the-rolling-stones-the-rolling-stones\/","title":{"rendered":"The Rolling Stones \u2013 The Rolling Stones"},"content":{"rendered":"","protected":false},"excerpt":{"rendered":"<p>Julkaisuvuoden 1964 UK-painos (mono).<\/p>\n<p>Levyss\u00e4 pintaj\u00e4lke\u00e4 sek\u00e4 pari sormellakin tuntuvaa j\u00e4lke\u00e4. Soi kuitenkin h\u00e4kellytt\u00e4v\u00e4n hyvin k\u00e4yt\u00e4nn\u00f6ss\u00e4 ilman napsuntaa. Joku heiver\u00f6inen rapsu voi olla ja herkemmill\u00e4 soittimilla enemm\u00e4nkin. Varmasti kuitenkin kelpo soittolevy.<\/p>\n<p>Kannessa vain kevytt\u00e4 kulumaa ja hyvin pient\u00e4 rispaantumista suuaukossa.<\/p>\n","protected":false},"featured_media":57261,"template":"","meta":{"_acf_changed":false},"product_brand":[],"product_cat":[116],"product_tag":[],"class_list":{"0":"post-70812","1":"product","2":"type-product","3":"status-publish","4":"has-post-thumbnail","6":"product_cat-rock-pop-en","7":"pa_formaatti-lp-en","8":"pa_kaytetty-uusi-2nd-hand","10":"first","11":"instock","12":"shipping-taxable","13":"purchasable","14":"product-type-simple"},"acf":[],"_links":{"self":[{"href":"https:\/\/freshgarbage.fi\/en\/wp-json\/wp\/v2\/product\/70812","targetHints":{"allow":["GET"]}}],"collection":[{"href":"https:\/\/freshgarbage.fi\/en\/wp-json\/wp\/v2\/product"}],"about":[{"href":"https:\/\/freshgarbage.fi\/en\/wp-json\/wp\/v2\/types\/product"}],"wp:featuredmedia":[{"embeddable":true,"href":"https:\/\/freshgarbage.fi\/en\/wp-json\/wp\/v2\/media\/57261"}],"wp:attachment":[{"href":"https:\/\/freshgarbage.fi\/en\/wp-json\/wp\/v2\/media?parent=70812"}],"wp:term":[{"taxonomy":"product_brand","embeddable":true,"href":"https:\/\/freshgarbage.fi\/en\/wp-json\/wp\/v2\/product_brand?post=70812"},{"taxonomy":"product_cat","embeddable":true,"href":"https:\/\/freshgarbage.fi\/en\/wp-json\/wp\/v2\/product_cat?post=70812"},{"taxonomy":"product_tag","embeddable":true,"href":"https:\/\/freshgarbage.fi\/en\/wp-json\/wp\/v2\/product_tag?post=70812"}],"curies":[{"name":"wp","href":"https:\/\/api.w.org\/{rel}","templated":true}]}}