{"id":70792,"date":"2025-10-17T11:19:36","date_gmt":"2025-10-17T08:19:36","guid":{"rendered":"https:\/\/freshgarbage.fi\/tuote\/barbra-joan-streisand-barbra-joan-streisand\/"},"modified":"2025-10-17T11:19:36","modified_gmt":"2025-10-17T08:19:36","slug":"barbra-joan-streisand-barbra-joan-streisand","status":"publish","type":"product","link":"https:\/\/freshgarbage.fi\/en\/product\/barbra-joan-streisand-barbra-joan-streisand\/","title":{"rendered":"Barbra Joan Streisand \u2013 Barbra Joan Streisand"},"content":{"rendered":"","protected":false},"excerpt":{"rendered":"<p>70-luvun UK-painos.<\/p>\n<p>Hintalapun j\u00e4tt\u00e4m\u00e4\u00e4 pintarepe\u00e4m\u00e4\u00e4 peitelty mussalla tussilla.<\/p>\n","protected":false},"featured_media":57269,"template":"","meta":{"_acf_changed":false},"product_brand":[],"product_cat":[116],"product_tag":[],"class_list":{"0":"post-70792","1":"product","2":"type-product","3":"status-publish","4":"has-post-thumbnail","6":"product_cat-rock-pop-en","7":"pa_formaatti-lp-en","8":"pa_kaytetty-uusi-2nd-hand","10":"first","11":"instock","12":"shipping-taxable","13":"purchasable","14":"product-type-simple"},"acf":[],"_links":{"self":[{"href":"https:\/\/freshgarbage.fi\/en\/wp-json\/wp\/v2\/product\/70792","targetHints":{"allow":["GET"]}}],"collection":[{"href":"https:\/\/freshgarbage.fi\/en\/wp-json\/wp\/v2\/product"}],"about":[{"href":"https:\/\/freshgarbage.fi\/en\/wp-json\/wp\/v2\/types\/product"}],"wp:featuredmedia":[{"embeddable":true,"href":"https:\/\/freshgarbage.fi\/en\/wp-json\/wp\/v2\/media\/57269"}],"wp:attachment":[{"href":"https:\/\/freshgarbage.fi\/en\/wp-json\/wp\/v2\/media?parent=70792"}],"wp:term":[{"taxonomy":"product_brand","embeddable":true,"href":"https:\/\/freshgarbage.fi\/en\/wp-json\/wp\/v2\/product_brand?post=70792"},{"taxonomy":"product_cat","embeddable":true,"href":"https:\/\/freshgarbage.fi\/en\/wp-json\/wp\/v2\/product_cat?post=70792"},{"taxonomy":"product_tag","embeddable":true,"href":"https:\/\/freshgarbage.fi\/en\/wp-json\/wp\/v2\/product_tag?post=70792"}],"curies":[{"name":"wp","href":"https:\/\/api.w.org\/{rel}","templated":true}]}}