{"id":70711,"date":"2024-11-30T11:00:57","date_gmt":"2024-11-30T09:00:57","guid":{"rendered":"https:\/\/freshgarbage.fi\/tuote\/the-cure-songs-of-a-lost-world-black\/"},"modified":"2026-04-08T14:12:00","modified_gmt":"2026-04-08T11:12:00","slug":"the-cure-songs-of-a-lost-world-black","status":"publish","type":"product","link":"https:\/\/freshgarbage.fi\/en\/product\/the-cure-songs-of-a-lost-world-black\/","title":{"rendered":"The Cure \u2013 Songs of a Lost World (black)"},"content":{"rendered":"","protected":false},"excerpt":{"rendered":"<p>Musta levy.<\/p>\n<p>The Curen hartaasti odotettu paluulevy ei pelk\u00e4st\u00e4\u00e4n lunastanut odotuksia, vaan my\u00f6s ylitti ne. Mestariteos tulee olemaan takuuvarmasti jokaisella vuoden 2024 parhaat levyt -listauksella.<\/p>\n<p>Lue tarkemmin vaikka Helsingin Sanomien viiden t\u00e4hden <a href=\"https:\/\/www.hs.fi\/kulttuuri\/art-2000010799903.html\" target=\"_blank\" rel=\"noopener\">arvostelusta<\/a>.<\/p>\n<p>A1 Alone<br \/>\nA2 And Nothing Is Forever<br \/>\nA3 A Fragile Thing<br \/>\nA4 Warsong<br \/>\nB1 Drone: Nodrone<br \/>\nB2 I Can Never Say Goodbye<br \/>\nB3 All I Ever Am<br \/>\nB4 Endsong<\/p>\n<p>https:\/\/www.youtube.com\/watch?v=sx9SVAtMkJM<\/p>\n","protected":false},"featured_media":27390,"template":"","meta":{"_acf_changed":false},"product_brand":[],"product_cat":[107,117],"product_tag":[],"class_list":{"0":"post-70711","1":"product","2":"type-product","3":"status-publish","4":"has-post-thumbnail","6":"product_cat-new","7":"product_cat-new-wave-goth-rock-synth-pop-post-punk-en","8":"pa_formaatti-lp-en","9":"pa_kaytetty-uusi-new","11":"first","12":"instock","13":"taxable","14":"shipping-taxable","15":"purchasable","16":"product-type-simple"},"acf":[],"_links":{"self":[{"href":"https:\/\/freshgarbage.fi\/en\/wp-json\/wp\/v2\/product\/70711","targetHints":{"allow":["GET"]}}],"collection":[{"href":"https:\/\/freshgarbage.fi\/en\/wp-json\/wp\/v2\/product"}],"about":[{"href":"https:\/\/freshgarbage.fi\/en\/wp-json\/wp\/v2\/types\/product"}],"wp:featuredmedia":[{"embeddable":true,"href":"https:\/\/freshgarbage.fi\/en\/wp-json\/wp\/v2\/media\/27390"}],"wp:attachment":[{"href":"https:\/\/freshgarbage.fi\/en\/wp-json\/wp\/v2\/media?parent=70711"}],"wp:term":[{"taxonomy":"product_brand","embeddable":true,"href":"https:\/\/freshgarbage.fi\/en\/wp-json\/wp\/v2\/product_brand?post=70711"},{"taxonomy":"product_cat","embeddable":true,"href":"https:\/\/freshgarbage.fi\/en\/wp-json\/wp\/v2\/product_cat?post=70711"},{"taxonomy":"product_tag","embeddable":true,"href":"https:\/\/freshgarbage.fi\/en\/wp-json\/wp\/v2\/product_tag?post=70711"}],"curies":[{"name":"wp","href":"https:\/\/api.w.org\/{rel}","templated":true}]}}