{"id":70709,"date":"2025-09-11T11:45:53","date_gmt":"2025-09-11T08:45:53","guid":{"rendered":"https:\/\/freshgarbage.fi\/tuote\/i-roy-presenting-i-roy\/"},"modified":"2025-09-11T11:45:53","modified_gmt":"2025-09-11T08:45:53","slug":"i-roy-presenting-i-roy","status":"publish","type":"product","link":"https:\/\/freshgarbage.fi\/en\/product\/i-roy-presenting-i-roy\/","title":{"rendered":"I. Roy \u2013 Presenting I. Roy"},"content":{"rendered":"","protected":false},"excerpt":{"rendered":"<p>Alkuper\u00e4inen UK-painos.<\/p>\n<p>Levyss\u00e4 pintaj\u00e4lke\u00e4, mutta soi l\u00e4hes moitteetta. Aivan hentoa taustarahinaa voi esiinty\u00e4. Kannen saumoissa kulumaa, mutta muuten siistiss\u00e4 kunnossa.<\/p>\n","protected":false},"featured_media":54483,"template":"","meta":{"_acf_changed":false},"product_brand":[],"product_cat":[115],"product_tag":[],"class_list":{"0":"post-70709","1":"product","2":"type-product","3":"status-publish","4":"has-post-thumbnail","6":"product_cat-reggae-dub-dancehall-ska-en","7":"pa_formaatti-lp-en","8":"pa_kaytetty-uusi-2nd-hand","10":"first","11":"instock","12":"shipping-taxable","13":"purchasable","14":"product-type-simple"},"acf":[],"_links":{"self":[{"href":"https:\/\/freshgarbage.fi\/en\/wp-json\/wp\/v2\/product\/70709","targetHints":{"allow":["GET"]}}],"collection":[{"href":"https:\/\/freshgarbage.fi\/en\/wp-json\/wp\/v2\/product"}],"about":[{"href":"https:\/\/freshgarbage.fi\/en\/wp-json\/wp\/v2\/types\/product"}],"wp:featuredmedia":[{"embeddable":true,"href":"https:\/\/freshgarbage.fi\/en\/wp-json\/wp\/v2\/media\/54483"}],"wp:attachment":[{"href":"https:\/\/freshgarbage.fi\/en\/wp-json\/wp\/v2\/media?parent=70709"}],"wp:term":[{"taxonomy":"product_brand","embeddable":true,"href":"https:\/\/freshgarbage.fi\/en\/wp-json\/wp\/v2\/product_brand?post=70709"},{"taxonomy":"product_cat","embeddable":true,"href":"https:\/\/freshgarbage.fi\/en\/wp-json\/wp\/v2\/product_cat?post=70709"},{"taxonomy":"product_tag","embeddable":true,"href":"https:\/\/freshgarbage.fi\/en\/wp-json\/wp\/v2\/product_tag?post=70709"}],"curies":[{"name":"wp","href":"https:\/\/api.w.org\/{rel}","templated":true}]}}