{"id":70702,"date":"2025-07-15T11:40:26","date_gmt":"2025-07-15T08:40:26","guid":{"rendered":"https:\/\/freshgarbage.fi\/tuote\/wigwam-live-music-from-the-twilight-zone-2\/"},"modified":"2025-07-15T11:40:26","modified_gmt":"2025-07-15T08:40:26","slug":"wigwam-live-music-from-the-twilight-zone-2","status":"publish","type":"product","link":"https:\/\/freshgarbage.fi\/en\/product\/wigwam-live-music-from-the-twilight-zone-2\/","title":{"rendered":"Wigwam \u2013 Live Music From The Twilight Zone"},"content":{"rendered":"","protected":false},"excerpt":{"rendered":"<p>2LP. Alkuper\u00e4inen painos.<\/p>\n<p>L\u00e4hinn\u00e4 ensimm\u00e4isess\u00e4 levyss\u00e4 joitakin selke\u00e4mpi\u00e4 pintaj\u00e4lki\u00e4. A-puolella havaittavissa jokunen kevyt napsu, mutta muuten soi hienosti. Kannen p\u00e4\u00e4tysauma rapistunut puhki, niin kuin n\u00e4iss\u00e4 hyvin usein. Lis\u00e4ksi my\u00f6s kevytt\u00e4 ringwearia ja taittumaa.<\/p>\n","protected":false},"featured_media":37220,"template":"","meta":{"_acf_changed":false},"product_brand":[],"product_cat":[120,113],"product_tag":[],"class_list":{"0":"post-70702","1":"product","2":"type-product","3":"status-publish","4":"has-post-thumbnail","6":"product_cat-finnish","7":"product_cat-progressive-rock-krautrock-en","8":"pa_formaatti-lp-en","9":"pa_kaytetty-uusi-2nd-hand","11":"first","12":"instock","13":"shipping-taxable","14":"purchasable","15":"product-type-simple"},"acf":[],"_links":{"self":[{"href":"https:\/\/freshgarbage.fi\/en\/wp-json\/wp\/v2\/product\/70702","targetHints":{"allow":["GET"]}}],"collection":[{"href":"https:\/\/freshgarbage.fi\/en\/wp-json\/wp\/v2\/product"}],"about":[{"href":"https:\/\/freshgarbage.fi\/en\/wp-json\/wp\/v2\/types\/product"}],"wp:featuredmedia":[{"embeddable":true,"href":"https:\/\/freshgarbage.fi\/en\/wp-json\/wp\/v2\/media\/37220"}],"wp:attachment":[{"href":"https:\/\/freshgarbage.fi\/en\/wp-json\/wp\/v2\/media?parent=70702"}],"wp:term":[{"taxonomy":"product_brand","embeddable":true,"href":"https:\/\/freshgarbage.fi\/en\/wp-json\/wp\/v2\/product_brand?post=70702"},{"taxonomy":"product_cat","embeddable":true,"href":"https:\/\/freshgarbage.fi\/en\/wp-json\/wp\/v2\/product_cat?post=70702"},{"taxonomy":"product_tag","embeddable":true,"href":"https:\/\/freshgarbage.fi\/en\/wp-json\/wp\/v2\/product_tag?post=70702"}],"curies":[{"name":"wp","href":"https:\/\/api.w.org\/{rel}","templated":true}]}}