{"id":70686,"date":"2025-02-05T10:59:51","date_gmt":"2025-02-05T08:59:51","guid":{"rendered":"https:\/\/freshgarbage.fi\/tuote\/fucked-up-let-likes-be-cured-by-likes\/"},"modified":"2025-02-05T10:59:51","modified_gmt":"2025-02-05T08:59:51","slug":"fucked-up-let-likes-be-cured-by-likes","status":"publish","type":"product","link":"https:\/\/freshgarbage.fi\/en\/product\/fucked-up-let-likes-be-cured-by-likes\/","title":{"rendered":"Fucked Up \u2013 Let Likes Be Cured By Likes"},"content":{"rendered":"","protected":false},"excerpt":{"rendered":"<p>Kevytt\u00e4 j\u00e4lke\u00e4, soi hyvin<\/p>\n<p>Live LP containing the same tracks on both sides. 2nd press, black\/blue inside out, \/400<br \/>\nHand screened cover<\/p>\n","protected":false},"featured_media":29963,"template":"","meta":{"_acf_changed":false},"product_brand":[],"product_cat":[114],"product_tag":[],"class_list":{"0":"post-70686","1":"product","2":"type-product","3":"status-publish","4":"has-post-thumbnail","6":"product_cat-punk-hardcore-psychobilly-en","7":"pa_formaatti-lp-en","8":"pa_kaytetty-uusi-2nd-hand","10":"first","11":"instock","12":"shipping-taxable","13":"purchasable","14":"product-type-simple"},"acf":[],"_links":{"self":[{"href":"https:\/\/freshgarbage.fi\/en\/wp-json\/wp\/v2\/product\/70686","targetHints":{"allow":["GET"]}}],"collection":[{"href":"https:\/\/freshgarbage.fi\/en\/wp-json\/wp\/v2\/product"}],"about":[{"href":"https:\/\/freshgarbage.fi\/en\/wp-json\/wp\/v2\/types\/product"}],"wp:featuredmedia":[{"embeddable":true,"href":"https:\/\/freshgarbage.fi\/en\/wp-json\/wp\/v2\/media\/29963"}],"wp:attachment":[{"href":"https:\/\/freshgarbage.fi\/en\/wp-json\/wp\/v2\/media?parent=70686"}],"wp:term":[{"taxonomy":"product_brand","embeddable":true,"href":"https:\/\/freshgarbage.fi\/en\/wp-json\/wp\/v2\/product_brand?post=70686"},{"taxonomy":"product_cat","embeddable":true,"href":"https:\/\/freshgarbage.fi\/en\/wp-json\/wp\/v2\/product_cat?post=70686"},{"taxonomy":"product_tag","embeddable":true,"href":"https:\/\/freshgarbage.fi\/en\/wp-json\/wp\/v2\/product_tag?post=70686"}],"curies":[{"name":"wp","href":"https:\/\/api.w.org\/{rel}","templated":true}]}}