{"id":70609,"date":"2025-11-06T11:45:39","date_gmt":"2025-11-06T09:45:39","guid":{"rendered":"https:\/\/freshgarbage.fi\/tuote\/hiski-salomaa-lannen-lokarin-kootut-teokset\/"},"modified":"2025-11-06T11:45:39","modified_gmt":"2025-11-06T09:45:39","slug":"hiski-salomaa-lannen-lokarin-kootut-teokset","status":"publish","type":"product","link":"https:\/\/freshgarbage.fi\/en\/product\/hiski-salomaa-lannen-lokarin-kootut-teokset\/","title":{"rendered":"Hiski Salomaa \u2013 L\u00e4nnen Lokarin Kootut Teokset"},"content":{"rendered":"","protected":false},"excerpt":{"rendered":"<p>70-luvun Love Records -painos. Etiketiss\u00e4 reunatekstit.<\/p>\n<p>Levyss\u00e4 joitakin kevyit\u00e4 j\u00e4lki\u00e4, mutta soi hyvin.<\/p>\n","protected":false},"featured_media":58698,"template":"","meta":{"_acf_changed":false},"product_brand":[],"product_cat":[120],"product_tag":[],"class_list":{"0":"post-70609","1":"product","2":"type-product","3":"status-publish","4":"has-post-thumbnail","6":"product_cat-finnish","7":"pa_formaatti-lp-en","8":"pa_kaytetty-uusi-2nd-hand","10":"first","11":"instock","12":"shipping-taxable","13":"purchasable","14":"product-type-simple"},"acf":[],"_links":{"self":[{"href":"https:\/\/freshgarbage.fi\/en\/wp-json\/wp\/v2\/product\/70609","targetHints":{"allow":["GET"]}}],"collection":[{"href":"https:\/\/freshgarbage.fi\/en\/wp-json\/wp\/v2\/product"}],"about":[{"href":"https:\/\/freshgarbage.fi\/en\/wp-json\/wp\/v2\/types\/product"}],"wp:featuredmedia":[{"embeddable":true,"href":"https:\/\/freshgarbage.fi\/en\/wp-json\/wp\/v2\/media\/58698"}],"wp:attachment":[{"href":"https:\/\/freshgarbage.fi\/en\/wp-json\/wp\/v2\/media?parent=70609"}],"wp:term":[{"taxonomy":"product_brand","embeddable":true,"href":"https:\/\/freshgarbage.fi\/en\/wp-json\/wp\/v2\/product_brand?post=70609"},{"taxonomy":"product_cat","embeddable":true,"href":"https:\/\/freshgarbage.fi\/en\/wp-json\/wp\/v2\/product_cat?post=70609"},{"taxonomy":"product_tag","embeddable":true,"href":"https:\/\/freshgarbage.fi\/en\/wp-json\/wp\/v2\/product_tag?post=70609"}],"curies":[{"name":"wp","href":"https:\/\/api.w.org\/{rel}","templated":true}]}}