{"id":70607,"date":"2025-08-06T11:40:17","date_gmt":"2025-08-06T08:40:17","guid":{"rendered":"https:\/\/freshgarbage.fi\/tuote\/wigwam-classics-the-rarest-2\/"},"modified":"2025-08-06T11:40:17","modified_gmt":"2025-08-06T08:40:17","slug":"wigwam-classics-the-rarest-2","status":"publish","type":"product","link":"https:\/\/freshgarbage.fi\/en\/product\/wigwam-classics-the-rarest-2\/","title":{"rendered":"Wigwam \u2013 Classics &#8211; The Rarest"},"content":{"rendered":"","protected":false},"excerpt":{"rendered":"<p>2LP.<\/p>\n<p>A1 633 Jesu F\u00e5glar<br \/>\nA2 Pid\u00e4n Sinusta<br \/>\nA3 En Aio Paeta<br \/>\nA4 Neron Muistolle; Hyv\u00e4\u00e4 Y\u00f6t\u00e4<br \/>\nA5 No Pens, Ei Karsinoita<br \/>\nA6 Henry&#8217;s Highway Code<br \/>\nB1 Freddie Are You Ready<br \/>\nB2 Kite<br \/>\nB3 Wardance<br \/>\nB4 Helsinki Nights<br \/>\nB5 Tombstone Valentine<\/p>\n<p>C1 Frederick &amp; Bill<br \/>\nC2 1936 Lost In The Snow<br \/>\nC3 Let It Be<br \/>\nC4 Help Me\/Checkin&#8217; Up My Baby<br \/>\nD1 The Moonstruck One<br \/>\nD2 Imagine<br \/>\nD3 Luulosairas<\/p>\n","protected":false},"featured_media":38212,"template":"","meta":{"_acf_changed":false},"product_brand":[],"product_cat":[120,113],"product_tag":[],"class_list":{"0":"post-70607","1":"product","2":"type-product","3":"status-publish","4":"has-post-thumbnail","6":"product_cat-finnish","7":"product_cat-progressive-rock-krautrock-en","8":"pa_formaatti-lp-en","9":"pa_kaytetty-uusi-2nd-hand","11":"first","12":"instock","13":"shipping-taxable","14":"purchasable","15":"product-type-simple"},"acf":[],"_links":{"self":[{"href":"https:\/\/freshgarbage.fi\/en\/wp-json\/wp\/v2\/product\/70607","targetHints":{"allow":["GET"]}}],"collection":[{"href":"https:\/\/freshgarbage.fi\/en\/wp-json\/wp\/v2\/product"}],"about":[{"href":"https:\/\/freshgarbage.fi\/en\/wp-json\/wp\/v2\/types\/product"}],"wp:featuredmedia":[{"embeddable":true,"href":"https:\/\/freshgarbage.fi\/en\/wp-json\/wp\/v2\/media\/38212"}],"wp:attachment":[{"href":"https:\/\/freshgarbage.fi\/en\/wp-json\/wp\/v2\/media?parent=70607"}],"wp:term":[{"taxonomy":"product_brand","embeddable":true,"href":"https:\/\/freshgarbage.fi\/en\/wp-json\/wp\/v2\/product_brand?post=70607"},{"taxonomy":"product_cat","embeddable":true,"href":"https:\/\/freshgarbage.fi\/en\/wp-json\/wp\/v2\/product_cat?post=70607"},{"taxonomy":"product_tag","embeddable":true,"href":"https:\/\/freshgarbage.fi\/en\/wp-json\/wp\/v2\/product_tag?post=70607"}],"curies":[{"name":"wp","href":"https:\/\/api.w.org\/{rel}","templated":true}]}}