{"id":70589,"date":"2025-11-06T11:45:42","date_gmt":"2025-11-06T09:45:42","guid":{"rendered":"https:\/\/freshgarbage.fi\/tuote\/tommie-mansfield-with-jussi-raittinen-tommie-mansfield-group-with-jussi-raittinen\/"},"modified":"2025-11-06T11:45:42","modified_gmt":"2025-11-06T09:45:42","slug":"tommie-mansfield-with-jussi-raittinen-tommie-mansfield-group-with-jussi-raittinen","status":"publish","type":"product","link":"https:\/\/freshgarbage.fi\/en\/product\/tommie-mansfield-with-jussi-raittinen-tommie-mansfield-group-with-jussi-raittinen\/","title":{"rendered":"Tommie Mansfield with Jussi Raittinen \u2013 Tommie Mansfield Group with Jussi Raittinen"},"content":{"rendered":"","protected":false},"excerpt":{"rendered":"<p>Alkuper\u00e4inen painos.<\/p>\n<p>Kannessa hieman tahraa\/v\u00e4rj\u00e4\u00e4ntym\u00e4\u00e4, muuten siistiss\u00e4 kunnossa. Levyss\u00e4 pari hentoa hiusj\u00e4lke\u00e4, soi hienosti.<\/p>\n","protected":false},"featured_media":58636,"template":"","meta":{"_acf_changed":false},"product_brand":[],"product_cat":[120],"product_tag":[],"class_list":{"0":"post-70589","1":"product","2":"type-product","3":"status-publish","4":"has-post-thumbnail","6":"product_cat-finnish","7":"pa_formaatti-lp-en","8":"pa_kaytetty-uusi-2nd-hand","10":"first","11":"instock","12":"shipping-taxable","13":"purchasable","14":"product-type-simple"},"acf":[],"_links":{"self":[{"href":"https:\/\/freshgarbage.fi\/en\/wp-json\/wp\/v2\/product\/70589","targetHints":{"allow":["GET"]}}],"collection":[{"href":"https:\/\/freshgarbage.fi\/en\/wp-json\/wp\/v2\/product"}],"about":[{"href":"https:\/\/freshgarbage.fi\/en\/wp-json\/wp\/v2\/types\/product"}],"wp:featuredmedia":[{"embeddable":true,"href":"https:\/\/freshgarbage.fi\/en\/wp-json\/wp\/v2\/media\/58636"}],"wp:attachment":[{"href":"https:\/\/freshgarbage.fi\/en\/wp-json\/wp\/v2\/media?parent=70589"}],"wp:term":[{"taxonomy":"product_brand","embeddable":true,"href":"https:\/\/freshgarbage.fi\/en\/wp-json\/wp\/v2\/product_brand?post=70589"},{"taxonomy":"product_cat","embeddable":true,"href":"https:\/\/freshgarbage.fi\/en\/wp-json\/wp\/v2\/product_cat?post=70589"},{"taxonomy":"product_tag","embeddable":true,"href":"https:\/\/freshgarbage.fi\/en\/wp-json\/wp\/v2\/product_tag?post=70589"}],"curies":[{"name":"wp","href":"https:\/\/api.w.org\/{rel}","templated":true}]}}