{"id":70584,"date":"2026-02-03T11:45:43","date_gmt":"2026-02-03T09:45:43","guid":{"rendered":"https:\/\/freshgarbage.fi\/tuote\/kari-peitsamo-1977-1981\/"},"modified":"2026-02-06T15:00:19","modified_gmt":"2026-02-06T13:00:19","slug":"kari-peitsamo-1977-1981","status":"publish","type":"product","link":"https:\/\/freshgarbage.fi\/en\/product\/kari-peitsamo-1977-1981\/","title":{"rendered":"Kari Peitsamo \u2013 1977\u20131981"},"content":{"rendered":"","protected":false},"excerpt":{"rendered":"<p>Alkuper\u00e4inen ja ainoa painos.<\/p>\n<p>Jonkin verran kevytt\u00e4 sis\u00e4pussij\u00e4lke\u00e4, soi hyvin.<\/p>\n<p>A1 Kauneuden Puu 1:40<br \/>\nA2 Ensimm\u00e4inen Tuska 2:26<br \/>\nA3 Aurinko 2:18<br \/>\nA4 Kivi Mets\u00e4ss\u00e4 3:01<br \/>\nA5 Camera Obscura 2:33<br \/>\nA6 Taidemuseossa 1:07<br \/>\nA7 Set\u00e4 Ben Ja H\u00e4nen Lent\u00e4v\u00e4t Syntetisaattorinsa: Minut Lukittiin Vahingossa Galleriaan 1:26<br \/>\nA8 Termiittiblues 1:44<br \/>\nA9 Mimmit Pihtaa 1:12<br \/>\nA10 Jouduin Eksyksiin 2:20<br \/>\nB1 Valokuvaaminen On Helppoa 2:06<br \/>\nB2 Kuolleiden Kaupunki 1:47<br \/>\nB3 Kirjoitan Modernia Runoa 0:41<br \/>\nB4 Voima 8:08<br \/>\nB5 Vedest\u00e4 Nousee Kasvi 1:34<br \/>\nB6 Miss\u00e4 Puisto Loppuu 1:05<br \/>\nB7 Kes\u00e4p\u00e4iv\u00e4 Kangasalla 3:30<br \/>\nB8 Hae Lakkaa Satamasta 1:47<\/p>\n","protected":false},"featured_media":81312,"template":"","meta":{"_acf_changed":false},"product_brand":[],"product_cat":[120],"product_tag":[],"class_list":{"0":"post-70584","1":"product","2":"type-product","3":"status-publish","4":"has-post-thumbnail","6":"product_cat-finnish","7":"pa_formaatti-lp-en","8":"pa_kaytetty-uusi-2nd-hand","10":"first","11":"instock","12":"shipping-taxable","13":"purchasable","14":"product-type-simple"},"acf":[],"_links":{"self":[{"href":"https:\/\/freshgarbage.fi\/en\/wp-json\/wp\/v2\/product\/70584","targetHints":{"allow":["GET"]}}],"collection":[{"href":"https:\/\/freshgarbage.fi\/en\/wp-json\/wp\/v2\/product"}],"about":[{"href":"https:\/\/freshgarbage.fi\/en\/wp-json\/wp\/v2\/types\/product"}],"wp:featuredmedia":[{"embeddable":true,"href":"https:\/\/freshgarbage.fi\/en\/wp-json\/wp\/v2\/media\/81312"}],"wp:attachment":[{"href":"https:\/\/freshgarbage.fi\/en\/wp-json\/wp\/v2\/media?parent=70584"}],"wp:term":[{"taxonomy":"product_brand","embeddable":true,"href":"https:\/\/freshgarbage.fi\/en\/wp-json\/wp\/v2\/product_brand?post=70584"},{"taxonomy":"product_cat","embeddable":true,"href":"https:\/\/freshgarbage.fi\/en\/wp-json\/wp\/v2\/product_cat?post=70584"},{"taxonomy":"product_tag","embeddable":true,"href":"https:\/\/freshgarbage.fi\/en\/wp-json\/wp\/v2\/product_tag?post=70584"}],"curies":[{"name":"wp","href":"https:\/\/api.w.org\/{rel}","templated":true}]}}