{"id":70566,"date":"2025-08-12T11:10:11","date_gmt":"2025-08-12T08:10:11","guid":{"rendered":"https:\/\/freshgarbage.fi\/tuote\/colosseum-the-collectors-colosseum\/"},"modified":"2025-08-12T11:10:11","modified_gmt":"2025-08-12T08:10:11","slug":"colosseum-the-collectors-colosseum","status":"publish","type":"product","link":"https:\/\/freshgarbage.fi\/en\/product\/colosseum-the-collectors-colosseum\/","title":{"rendered":"Colosseum \u2013 The Collectors Colosseum"},"content":{"rendered":"","protected":false},"excerpt":{"rendered":"<p>Alkuper\u00e4inen Skandinavia-painos.<\/p>\n<p>Hauraan teksturoidun kannen alasaumassa seam split. Levyss\u00e4 vain hentoa hiusj\u00e4lke\u00e4, soi hienosti.<\/p>\n<p>A1 Jumping Off The Sun 3:40<br \/>\nA2 Those About To Die 4:52<br \/>\nA3 I Can&#8217;t Live Without You 4:21<br \/>\nA4 Beware The Ides Of March 5:36<br \/>\nB1 Walking In The Park 3:55<br \/>\nB2 Bolero 5:29<br \/>\nB3 Rope Ladder To The Moon 3:22<br \/>\nB4 The Grass Is Greener 7:37<\/p>\n","protected":false},"featured_media":38552,"template":"","meta":{"_acf_changed":false},"product_brand":[],"product_cat":[113],"product_tag":[],"class_list":{"0":"post-70566","1":"product","2":"type-product","3":"status-publish","4":"has-post-thumbnail","6":"product_cat-progressive-rock-krautrock-en","7":"pa_formaatti-lp-en","8":"pa_kaytetty-uusi-2nd-hand","10":"first","11":"instock","12":"shipping-taxable","13":"purchasable","14":"product-type-simple"},"acf":[],"_links":{"self":[{"href":"https:\/\/freshgarbage.fi\/en\/wp-json\/wp\/v2\/product\/70566","targetHints":{"allow":["GET"]}}],"collection":[{"href":"https:\/\/freshgarbage.fi\/en\/wp-json\/wp\/v2\/product"}],"about":[{"href":"https:\/\/freshgarbage.fi\/en\/wp-json\/wp\/v2\/types\/product"}],"wp:featuredmedia":[{"embeddable":true,"href":"https:\/\/freshgarbage.fi\/en\/wp-json\/wp\/v2\/media\/38552"}],"wp:attachment":[{"href":"https:\/\/freshgarbage.fi\/en\/wp-json\/wp\/v2\/media?parent=70566"}],"wp:term":[{"taxonomy":"product_brand","embeddable":true,"href":"https:\/\/freshgarbage.fi\/en\/wp-json\/wp\/v2\/product_brand?post=70566"},{"taxonomy":"product_cat","embeddable":true,"href":"https:\/\/freshgarbage.fi\/en\/wp-json\/wp\/v2\/product_cat?post=70566"},{"taxonomy":"product_tag","embeddable":true,"href":"https:\/\/freshgarbage.fi\/en\/wp-json\/wp\/v2\/product_tag?post=70566"}],"curies":[{"name":"wp","href":"https:\/\/api.w.org\/{rel}","templated":true}]}}