{"id":70542,"date":"2025-08-21T11:35:45","date_gmt":"2025-08-21T08:35:45","guid":{"rendered":"https:\/\/freshgarbage.fi\/tuote\/various-reunion\/"},"modified":"2025-08-21T11:35:45","modified_gmt":"2025-08-21T08:35:45","slug":"various-reunion","status":"publish","type":"product","link":"https:\/\/freshgarbage.fi\/en\/product\/various-reunion\/","title":{"rendered":"Various \u2013 Reunion"},"content":{"rendered":"","protected":false},"excerpt":{"rendered":"<p>A1 Tasavallan Presidentti \u2013 Solitary<br \/>\nA2 Wigwam \u2013 Pedagogi<br \/>\nA3 Soulset \u2013 The Dish<br \/>\nA4 Wigwam \u2013 Must Be The Devil<br \/>\nA5 Blues Section \u2013 For Mods Only<br \/>\nB1 Wigwam \u2013 Luulosairas<br \/>\nB2 Tasavallan Presidentti \u2013 Deep Thinker<br \/>\nB3 Wigwam \u2013 H\u00e4\u00e4t\u00f6<br \/>\nB4 Blues Section \u2013 Lucy Jane<\/p>\n","protected":false},"featured_media":52986,"template":"","meta":{"_acf_changed":false},"product_brand":[],"product_cat":[120,113],"product_tag":[],"class_list":{"0":"post-70542","1":"product","2":"type-product","3":"status-publish","4":"has-post-thumbnail","6":"product_cat-finnish","7":"product_cat-progressive-rock-krautrock-en","8":"pa_formaatti-lp-en","9":"pa_kaytetty-uusi-2nd-hand","11":"first","12":"instock","13":"shipping-taxable","14":"purchasable","15":"product-type-simple"},"acf":[],"_links":{"self":[{"href":"https:\/\/freshgarbage.fi\/en\/wp-json\/wp\/v2\/product\/70542","targetHints":{"allow":["GET"]}}],"collection":[{"href":"https:\/\/freshgarbage.fi\/en\/wp-json\/wp\/v2\/product"}],"about":[{"href":"https:\/\/freshgarbage.fi\/en\/wp-json\/wp\/v2\/types\/product"}],"wp:featuredmedia":[{"embeddable":true,"href":"https:\/\/freshgarbage.fi\/en\/wp-json\/wp\/v2\/media\/52986"}],"wp:attachment":[{"href":"https:\/\/freshgarbage.fi\/en\/wp-json\/wp\/v2\/media?parent=70542"}],"wp:term":[{"taxonomy":"product_brand","embeddable":true,"href":"https:\/\/freshgarbage.fi\/en\/wp-json\/wp\/v2\/product_brand?post=70542"},{"taxonomy":"product_cat","embeddable":true,"href":"https:\/\/freshgarbage.fi\/en\/wp-json\/wp\/v2\/product_cat?post=70542"},{"taxonomy":"product_tag","embeddable":true,"href":"https:\/\/freshgarbage.fi\/en\/wp-json\/wp\/v2\/product_tag?post=70542"}],"curies":[{"name":"wp","href":"https:\/\/api.w.org\/{rel}","templated":true}]}}