{"id":70468,"date":"2023-10-04T17:38:15","date_gmt":"2023-10-04T14:38:15","guid":{"rendered":"https:\/\/freshgarbage.fi\/tuote\/kangaskassi\/"},"modified":"2023-10-04T17:38:15","modified_gmt":"2023-10-04T14:38:15","slug":"kangaskassi","status":"publish","type":"product","link":"https:\/\/freshgarbage.fi\/en\/product\/kangaskassi\/","title":{"rendered":"Kangaskassi"},"content":{"rendered":"","protected":false},"excerpt":{"rendered":"<p>Tyylik\u00e4s kangaskassi Fresh Garbage Recordsin logolla. T\u00e4yteen ahdettuna sis\u00e4\u00e4n mahtuu noin 15-20 levy\u00e4. Pitk\u00e4 kantohihna, joten kulkee k\u00e4tev\u00e4sti olkap\u00e4\u00e4ll\u00e4. Sopii oivallisesti my\u00f6s kauppakassiksi.<\/p>\n","protected":false},"featured_media":2114,"template":"","meta":{"_acf_changed":false},"product_brand":[],"product_cat":[107,101],"product_tag":[],"class_list":{"0":"post-70468","1":"product","2":"type-product","3":"status-publish","4":"has-post-thumbnail","6":"product_cat-new","7":"product_cat-other-products","9":"first","10":"instock","11":"taxable","12":"shipping-taxable","13":"purchasable","14":"product-type-simple"},"acf":[],"_links":{"self":[{"href":"https:\/\/freshgarbage.fi\/en\/wp-json\/wp\/v2\/product\/70468","targetHints":{"allow":["GET"]}}],"collection":[{"href":"https:\/\/freshgarbage.fi\/en\/wp-json\/wp\/v2\/product"}],"about":[{"href":"https:\/\/freshgarbage.fi\/en\/wp-json\/wp\/v2\/types\/product"}],"wp:featuredmedia":[{"embeddable":true,"href":"https:\/\/freshgarbage.fi\/en\/wp-json\/wp\/v2\/media\/2114"}],"wp:attachment":[{"href":"https:\/\/freshgarbage.fi\/en\/wp-json\/wp\/v2\/media?parent=70468"}],"wp:term":[{"taxonomy":"product_brand","embeddable":true,"href":"https:\/\/freshgarbage.fi\/en\/wp-json\/wp\/v2\/product_brand?post=70468"},{"taxonomy":"product_cat","embeddable":true,"href":"https:\/\/freshgarbage.fi\/en\/wp-json\/wp\/v2\/product_cat?post=70468"},{"taxonomy":"product_tag","embeddable":true,"href":"https:\/\/freshgarbage.fi\/en\/wp-json\/wp\/v2\/product_tag?post=70468"}],"curies":[{"name":"wp","href":"https:\/\/api.w.org\/{rel}","templated":true}]}}