{"id":70466,"date":"2025-11-13T11:45:37","date_gmt":"2025-11-13T09:45:37","guid":{"rendered":"https:\/\/freshgarbage.fi\/tuote\/various-se-jokin-sinulla-on\/"},"modified":"2025-11-13T11:45:37","modified_gmt":"2025-11-13T09:45:37","slug":"various-se-jokin-sinulla-on","status":"publish","type":"product","link":"https:\/\/freshgarbage.fi\/en\/product\/various-se-jokin-sinulla-on\/","title":{"rendered":"Various \u2013 Se Jokin Sinulla On"},"content":{"rendered":"","protected":false},"excerpt":{"rendered":"<p>Alkuper\u00e4inen painos. Kannen etupuolella muutaman neli\u00f6sentin pintarepe\u00e4m\u00e4. Seam split sek\u00e4 selk\u00e4myksess\u00e4 ett\u00e4 alasaumassa. Levyss\u00e4 hieman kevytt\u00e4 j\u00e4lke\u00e4, soi hyvin.<\/p>\n<p>A1 Ronny &amp; The Loafers \u2013 Se Jokin Sinulla On = You&#8217;ve Got What I Like 2:04<br \/>\nA2 Tonics \u2013 Hei Herra Hetkinen = Hey Mister Flowerman 2:37<br \/>\nA3 Ernos \u2013 S\u00e4 Tuhlaat Aikaa 2:19<br \/>\nA4 The Esquires \u2013 Kyynel Putosi = A Tear Dropped By 2:27<br \/>\nA5 The Five Comets \u2013 \u00c4l\u00e4 Hylk\u00e4\u00e4 Rakkautta = Don&#8217;t Throw Your Love Away 2:10<br \/>\nA6 The Wiremen &amp; Buddy \u2013 Shanghai 2:57<br \/>\nA7 H\u00e4jyt \u2013 H\u00e4jy Beat 2:11<br \/>\nB1 The Esquires &amp; Charles Stuart \u2013 Stand By Me 3:22<br \/>\nB2 The Scaffolds \u2013 Wonderful Time 2:43<br \/>\nB3 The Savages \u2013 Esmeralda 2:00<br \/>\nB4 The Exponents &amp; John \u2013 You Came And Shook 1:49<br \/>\nB5 The Careless \u2013 Desolate Time 2:08<br \/>\nB6 The Holders \u2013 I Go My Way 2:25<br \/>\nB7 The Coyotes \u2013 Go Home Sweet Baby 2:26<\/p>\n","protected":false},"featured_media":59189,"template":"","meta":{"_acf_changed":false},"product_brand":[],"product_cat":[120],"product_tag":[],"class_list":{"0":"post-70466","1":"product","2":"type-product","3":"status-publish","4":"has-post-thumbnail","6":"product_cat-finnish","7":"pa_formaatti-lp-en","8":"pa_kaytetty-uusi-2nd-hand","10":"first","11":"instock","12":"shipping-taxable","13":"purchasable","14":"product-type-simple"},"acf":[],"_links":{"self":[{"href":"https:\/\/freshgarbage.fi\/en\/wp-json\/wp\/v2\/product\/70466","targetHints":{"allow":["GET"]}}],"collection":[{"href":"https:\/\/freshgarbage.fi\/en\/wp-json\/wp\/v2\/product"}],"about":[{"href":"https:\/\/freshgarbage.fi\/en\/wp-json\/wp\/v2\/types\/product"}],"wp:featuredmedia":[{"embeddable":true,"href":"https:\/\/freshgarbage.fi\/en\/wp-json\/wp\/v2\/media\/59189"}],"wp:attachment":[{"href":"https:\/\/freshgarbage.fi\/en\/wp-json\/wp\/v2\/media?parent=70466"}],"wp:term":[{"taxonomy":"product_brand","embeddable":true,"href":"https:\/\/freshgarbage.fi\/en\/wp-json\/wp\/v2\/product_brand?post=70466"},{"taxonomy":"product_cat","embeddable":true,"href":"https:\/\/freshgarbage.fi\/en\/wp-json\/wp\/v2\/product_cat?post=70466"},{"taxonomy":"product_tag","embeddable":true,"href":"https:\/\/freshgarbage.fi\/en\/wp-json\/wp\/v2\/product_tag?post=70466"}],"curies":[{"name":"wp","href":"https:\/\/api.w.org\/{rel}","templated":true}]}}