{"id":70460,"date":"2025-07-09T11:22:09","date_gmt":"2025-07-09T08:22:09","guid":{"rendered":"https:\/\/freshgarbage.fi\/tuote\/singlekeskio\/"},"modified":"2025-07-09T11:22:09","modified_gmt":"2025-07-09T08:22:09","slug":"singlekeskio","status":"publish","type":"product","link":"https:\/\/freshgarbage.fi\/en\/product\/singlekeskio\/","title":{"rendered":"Singlekeski\u00f6"},"content":{"rendered":"","protected":false},"excerpt":{"rendered":"<p>Upea singlekeski\u00f6 Fresh Garbage Recordsin logolla.<\/p>\n<p>P.s. Jos haluat ostaa pelk\u00e4n singlekeski\u00f6n muuten kuin noudolla myym\u00e4l\u00e4st\u00e4, ota yhteytt\u00e4 levyt (a) freshgarbage.fi, niin sumplitaan toimituskulut. Yhdenkin levyn kanssa keski\u00f6 liikkuu samoilla rahdeilla.<\/p>\n","protected":false},"featured_media":36912,"template":"","meta":{"_acf_changed":false},"product_brand":[],"product_cat":[107,101],"product_tag":[],"class_list":{"0":"post-70460","1":"product","2":"type-product","3":"status-publish","4":"has-post-thumbnail","6":"product_cat-new","7":"product_cat-other-products","9":"first","10":"instock","11":"taxable","12":"shipping-taxable","13":"purchasable","14":"product-type-simple"},"acf":[],"_links":{"self":[{"href":"https:\/\/freshgarbage.fi\/en\/wp-json\/wp\/v2\/product\/70460","targetHints":{"allow":["GET"]}}],"collection":[{"href":"https:\/\/freshgarbage.fi\/en\/wp-json\/wp\/v2\/product"}],"about":[{"href":"https:\/\/freshgarbage.fi\/en\/wp-json\/wp\/v2\/types\/product"}],"wp:featuredmedia":[{"embeddable":true,"href":"https:\/\/freshgarbage.fi\/en\/wp-json\/wp\/v2\/media\/36912"}],"wp:attachment":[{"href":"https:\/\/freshgarbage.fi\/en\/wp-json\/wp\/v2\/media?parent=70460"}],"wp:term":[{"taxonomy":"product_brand","embeddable":true,"href":"https:\/\/freshgarbage.fi\/en\/wp-json\/wp\/v2\/product_brand?post=70460"},{"taxonomy":"product_cat","embeddable":true,"href":"https:\/\/freshgarbage.fi\/en\/wp-json\/wp\/v2\/product_cat?post=70460"},{"taxonomy":"product_tag","embeddable":true,"href":"https:\/\/freshgarbage.fi\/en\/wp-json\/wp\/v2\/product_tag?post=70460"}],"curies":[{"name":"wp","href":"https:\/\/api.w.org\/{rel}","templated":true}]}}