{"id":70423,"date":"2025-09-25T11:42:17","date_gmt":"2025-09-25T08:42:17","guid":{"rendered":"https:\/\/freshgarbage.fi\/tuote\/aili-ikonen-tribute-to-ella-aili-ikonen-tribute-to-ella\/"},"modified":"2025-09-25T11:42:17","modified_gmt":"2025-09-25T08:42:17","slug":"aili-ikonen-tribute-to-ella-aili-ikonen-tribute-to-ella","status":"publish","type":"product","link":"https:\/\/freshgarbage.fi\/en\/product\/aili-ikonen-tribute-to-ella-aili-ikonen-tribute-to-ella\/","title":{"rendered":"Aili Ikonen &#038; Tribute To Ella \u2013 Aili Ikonen &#038; Tribute To Ella"},"content":{"rendered":"","protected":false},"excerpt":{"rendered":"<p>Alkuper\u00e4inen painos. B1:ss\u00e4 j\u00e4lki, josta kevytt\u00e4 napsua.<\/p>\n","protected":false},"featured_media":55591,"template":"","meta":{"_acf_changed":false},"product_brand":[],"product_cat":[120,122],"product_tag":[],"class_list":{"0":"post-70423","1":"product","2":"type-product","3":"status-publish","4":"has-post-thumbnail","6":"product_cat-finnish","7":"product_cat-jazz-fusion-en","8":"pa_formaatti-lp-en","9":"pa_kaytetty-uusi-2nd-hand","11":"first","12":"instock","13":"shipping-taxable","14":"purchasable","15":"product-type-simple"},"acf":[],"_links":{"self":[{"href":"https:\/\/freshgarbage.fi\/en\/wp-json\/wp\/v2\/product\/70423","targetHints":{"allow":["GET"]}}],"collection":[{"href":"https:\/\/freshgarbage.fi\/en\/wp-json\/wp\/v2\/product"}],"about":[{"href":"https:\/\/freshgarbage.fi\/en\/wp-json\/wp\/v2\/types\/product"}],"wp:featuredmedia":[{"embeddable":true,"href":"https:\/\/freshgarbage.fi\/en\/wp-json\/wp\/v2\/media\/55591"}],"wp:attachment":[{"href":"https:\/\/freshgarbage.fi\/en\/wp-json\/wp\/v2\/media?parent=70423"}],"wp:term":[{"taxonomy":"product_brand","embeddable":true,"href":"https:\/\/freshgarbage.fi\/en\/wp-json\/wp\/v2\/product_brand?post=70423"},{"taxonomy":"product_cat","embeddable":true,"href":"https:\/\/freshgarbage.fi\/en\/wp-json\/wp\/v2\/product_cat?post=70423"},{"taxonomy":"product_tag","embeddable":true,"href":"https:\/\/freshgarbage.fi\/en\/wp-json\/wp\/v2\/product_tag?post=70423"}],"curies":[{"name":"wp","href":"https:\/\/api.w.org\/{rel}","templated":true}]}}