{"id":70406,"date":"2025-09-29T11:32:50","date_gmt":"2025-09-29T08:32:50","guid":{"rendered":"https:\/\/freshgarbage.fi\/tuote\/zoot-sims-solo-for-zoot\/"},"modified":"2025-09-29T11:32:50","modified_gmt":"2025-09-29T08:32:50","slug":"zoot-sims-solo-for-zoot","status":"publish","type":"product","link":"https:\/\/freshgarbage.fi\/en\/product\/zoot-sims-solo-for-zoot\/","title":{"rendered":"Zoot Sims \u2013 Solo For Zoot"},"content":{"rendered":"","protected":false},"excerpt":{"rendered":"<p>Alkuper\u00e4inen Eurooppa-painos.<\/p>\n<p>Levyss\u00e4 j\u00e4lke\u00e4, mutta soi upeasti EX-. Kannen alasaumassa suuaukon vieress\u00e4 pieni, melko huomaamaton teipinpala. Varmuudella ei erota onko sauma ratkennut vai onko laitettu vain vahvikkeeksi.<\/p>\n<p>Recorded &#8220;live&#8221; at Ronnie Scott&#8217;s London, November 14 &amp; 15, 1961.<\/p>\n<p>Bass \u2013 Kenny Napper<br \/>\nDrums \u2013 Jackie Dougan<br \/>\nPiano \u2013 Stan Tracy<br \/>\nTenor Saxophone \u2013 Zoot Sims<\/p>\n","protected":false},"featured_media":55768,"template":"","meta":{"_acf_changed":false},"product_brand":[],"product_cat":[122],"product_tag":[],"class_list":{"0":"post-70406","1":"product","2":"type-product","3":"status-publish","4":"has-post-thumbnail","6":"product_cat-jazz-fusion-en","7":"pa_formaatti-lp-en","8":"pa_kaytetty-uusi-2nd-hand","10":"first","11":"instock","12":"shipping-taxable","13":"purchasable","14":"product-type-simple"},"acf":[],"_links":{"self":[{"href":"https:\/\/freshgarbage.fi\/en\/wp-json\/wp\/v2\/product\/70406","targetHints":{"allow":["GET"]}}],"collection":[{"href":"https:\/\/freshgarbage.fi\/en\/wp-json\/wp\/v2\/product"}],"about":[{"href":"https:\/\/freshgarbage.fi\/en\/wp-json\/wp\/v2\/types\/product"}],"wp:featuredmedia":[{"embeddable":true,"href":"https:\/\/freshgarbage.fi\/en\/wp-json\/wp\/v2\/media\/55768"}],"wp:attachment":[{"href":"https:\/\/freshgarbage.fi\/en\/wp-json\/wp\/v2\/media?parent=70406"}],"wp:term":[{"taxonomy":"product_brand","embeddable":true,"href":"https:\/\/freshgarbage.fi\/en\/wp-json\/wp\/v2\/product_brand?post=70406"},{"taxonomy":"product_cat","embeddable":true,"href":"https:\/\/freshgarbage.fi\/en\/wp-json\/wp\/v2\/product_cat?post=70406"},{"taxonomy":"product_tag","embeddable":true,"href":"https:\/\/freshgarbage.fi\/en\/wp-json\/wp\/v2\/product_tag?post=70406"}],"curies":[{"name":"wp","href":"https:\/\/api.w.org\/{rel}","templated":true}]}}