{"id":70381,"date":"2025-05-12T13:59:30","date_gmt":"2025-05-12T10:59:30","guid":{"rendered":"https:\/\/freshgarbage.fi\/tuote\/elvis-costello-and-the-attractions-blood-chocolate\/"},"modified":"2025-05-12T13:59:30","modified_gmt":"2025-05-12T10:59:30","slug":"elvis-costello-and-the-attractions-blood-chocolate","status":"publish","type":"product","link":"https:\/\/freshgarbage.fi\/en\/product\/elvis-costello-and-the-attractions-blood-chocolate\/","title":{"rendered":"Elvis Costello And The Attractions \u2013 Blood &#038; Chocolate"},"content":{"rendered":"","protected":false},"excerpt":{"rendered":"<p>Alkuper\u00e4inen Eurooppa-painos. Kevytt\u00e4 sis\u00e4pussij\u00e4lke\u00e4, soi hienosti.<\/p>\n","protected":false},"featured_media":34467,"template":"","meta":{"_acf_changed":false},"product_brand":[],"product_cat":[117],"product_tag":[],"class_list":{"0":"post-70381","1":"product","2":"type-product","3":"status-publish","4":"has-post-thumbnail","6":"product_cat-new-wave-goth-rock-synth-pop-post-punk-en","7":"pa_formaatti-lp-en","8":"pa_kaytetty-uusi-2nd-hand","10":"first","11":"instock","12":"shipping-taxable","13":"purchasable","14":"product-type-simple"},"acf":[],"_links":{"self":[{"href":"https:\/\/freshgarbage.fi\/en\/wp-json\/wp\/v2\/product\/70381","targetHints":{"allow":["GET"]}}],"collection":[{"href":"https:\/\/freshgarbage.fi\/en\/wp-json\/wp\/v2\/product"}],"about":[{"href":"https:\/\/freshgarbage.fi\/en\/wp-json\/wp\/v2\/types\/product"}],"wp:featuredmedia":[{"embeddable":true,"href":"https:\/\/freshgarbage.fi\/en\/wp-json\/wp\/v2\/media\/34467"}],"wp:attachment":[{"href":"https:\/\/freshgarbage.fi\/en\/wp-json\/wp\/v2\/media?parent=70381"}],"wp:term":[{"taxonomy":"product_brand","embeddable":true,"href":"https:\/\/freshgarbage.fi\/en\/wp-json\/wp\/v2\/product_brand?post=70381"},{"taxonomy":"product_cat","embeddable":true,"href":"https:\/\/freshgarbage.fi\/en\/wp-json\/wp\/v2\/product_cat?post=70381"},{"taxonomy":"product_tag","embeddable":true,"href":"https:\/\/freshgarbage.fi\/en\/wp-json\/wp\/v2\/product_tag?post=70381"}],"curies":[{"name":"wp","href":"https:\/\/api.w.org\/{rel}","templated":true}]}}