{"id":70280,"date":"2025-10-14T12:07:47","date_gmt":"2025-10-14T09:07:47","guid":{"rendered":"https:\/\/freshgarbage.fi\/tuote\/ella-fitzgerald-ella-fitzgerald-sings-the-george-and-ira-gershwin-song-book\/"},"modified":"2025-10-14T12:07:47","modified_gmt":"2025-10-14T09:07:47","slug":"ella-fitzgerald-ella-fitzgerald-sings-the-george-and-ira-gershwin-song-book","status":"publish","type":"product","link":"https:\/\/freshgarbage.fi\/en\/product\/ella-fitzgerald-ella-fitzgerald-sings-the-george-and-ira-gershwin-song-book\/","title":{"rendered":"Ella Fitzgerald \u2013 Ella Fitzgerald Sings The George And Ira Gershwin Song Book"},"content":{"rendered":"","protected":false},"excerpt":{"rendered":"<p>5LP+10&#8243;. Levyt kansineen muovisen harmahtavan suojamuovin sis\u00e4ll\u00e4.<\/p>\n<p>Volume 2 avattu, muut LP:t edelleen tehtaan muoveissa. 10-tuumaisessa ei luultavasti muovia ole alunperink\u00e4\u00e4n ollut. Siin\u00e4 hieman reunassa sis\u00e4pussin j\u00e4tt\u00e4m\u00e4\u00e4 painaumaa, mutta muuten vaikuttaa virheett\u00f6m\u00e4lt\u00e4.<\/p>\n<p>A1 Sam And Delilah<br \/>\nA2 But Not For Me<br \/>\nA3 My One And Only<br \/>\nA4 Let&#8217;s Call The Whole Thing Off<br \/>\nB1 Beginner&#8217;s Luck<br \/>\nB2 Oh, Lady Be Good!<br \/>\nB3 Nice Work If You Can Get It<br \/>\nB4 Things Are Looking Up<br \/>\nB5 Just Another Rhumba<br \/>\nB6 How Long Has This Been Going On?<\/p>\n<p>C1 &#8216;S Wonderful<br \/>\nC2 The Man I Love<br \/>\nC3 That Certain Feeling<br \/>\nC4 By Strauss<br \/>\nC5 Someone To Watch Over Me<br \/>\nC6 The Real American Folk Song<br \/>\nD1 Who Cares?<br \/>\nD2 Looking For A Boy<br \/>\nD3 They All Laughed<br \/>\nD4 My Cousin From Milwaukee<br \/>\nD5 Somebody From Somewhere<\/p>\n<p>E1 A Foggy Day<br \/>\nE2 Clap Your Hands<br \/>\nE3 For You, For Me, For Everyone<br \/>\nE4 Stiff Upper Lip<br \/>\nE5 Boy Wanted<br \/>\nE6 Strike Up The Band<br \/>\nF1 Soon<br \/>\nF2 I&#8217;ve Got A Crush On You<br \/>\nF3 Bidin&#8217; My Time<br \/>\nF4 Aren&#8217;t You Kind Of Glad We Did<br \/>\nF5 Of Thee I Sing (Baby)<\/p>\n<p>G1 &#8220;The Half Of It, Dearie&#8221;, Blues<br \/>\nG2 I Was Doing All Right<br \/>\nG3 He Loves And She Loves<br \/>\nG4 Love Is Sweeping The Country<br \/>\nG5 Treat Me Rough<br \/>\nH1 Love Is Here To Stay<br \/>\nH2 Slap That Bass<br \/>\nH3 Isn&#8217;t It A Pity?<br \/>\nH4 Shall We Dance?<br \/>\nH5 Love Walked In<br \/>\nH6 You&#8217;ve Got What Gets Me<\/p>\n<p>I1 They Can&#8217;t Take That Away From Me<br \/>\nI2 Embraceable You<br \/>\nI3 I Can&#8217;t Be Bothered Now<br \/>\nI4 Boy! What Love Has Done To Me!<br \/>\nI5 Fascinatin&#8217; Rhythm<br \/>\nJ1 Funny Face<br \/>\nJ2 Lorellei<br \/>\nJ3 Oh, So Nice<br \/>\nJ4 Let&#8217;s Kiss And Make Up<br \/>\nJ5 I Got Rhythm<\/p>\n<p>Ambulatory Suite (Instrumental Selections)<br \/>\nK1 Promenade (Walking The Dog)<br \/>\nK2 March Of The Swiss Soldiers<br \/>\nK3 Fidgety Feet<br \/>\nThe Preludes (Instrumental Selections)<br \/>\nL1 Prelude I<br \/>\nL2 Prelude II<br \/>\nL3 Prelude III<\/p>\n","protected":false},"featured_media":56915,"template":"","meta":{"_acf_changed":false},"product_brand":[],"product_cat":[122],"product_tag":[],"class_list":{"0":"post-70280","1":"product","2":"type-product","3":"status-publish","4":"has-post-thumbnail","6":"product_cat-jazz-fusion-en","7":"pa_formaatti-box-set","8":"pa_formaatti-lp-en","9":"pa_kaytetty-uusi-2nd-hand","11":"first","12":"instock","13":"shipping-taxable","14":"purchasable","15":"product-type-simple"},"acf":[],"_links":{"self":[{"href":"https:\/\/freshgarbage.fi\/en\/wp-json\/wp\/v2\/product\/70280","targetHints":{"allow":["GET"]}}],"collection":[{"href":"https:\/\/freshgarbage.fi\/en\/wp-json\/wp\/v2\/product"}],"about":[{"href":"https:\/\/freshgarbage.fi\/en\/wp-json\/wp\/v2\/types\/product"}],"wp:featuredmedia":[{"embeddable":true,"href":"https:\/\/freshgarbage.fi\/en\/wp-json\/wp\/v2\/media\/56915"}],"wp:attachment":[{"href":"https:\/\/freshgarbage.fi\/en\/wp-json\/wp\/v2\/media?parent=70280"}],"wp:term":[{"taxonomy":"product_brand","embeddable":true,"href":"https:\/\/freshgarbage.fi\/en\/wp-json\/wp\/v2\/product_brand?post=70280"},{"taxonomy":"product_cat","embeddable":true,"href":"https:\/\/freshgarbage.fi\/en\/wp-json\/wp\/v2\/product_cat?post=70280"},{"taxonomy":"product_tag","embeddable":true,"href":"https:\/\/freshgarbage.fi\/en\/wp-json\/wp\/v2\/product_tag?post=70280"}],"curies":[{"name":"wp","href":"https:\/\/api.w.org\/{rel}","templated":true}]}}