{"id":70261,"date":"2025-12-08T11:45:06","date_gmt":"2025-12-08T09:45:06","guid":{"rendered":"https:\/\/freshgarbage.fi\/tuote\/tuure-kilpelainen-odotin-napya-tuli-laaka\/"},"modified":"2025-12-08T11:45:06","modified_gmt":"2025-12-08T09:45:06","slug":"tuure-kilpelainen-odotin-napya-tuli-laaka","status":"publish","type":"product","link":"https:\/\/freshgarbage.fi\/en\/product\/tuure-kilpelainen-odotin-napya-tuli-laaka\/","title":{"rendered":"Tuure Kilpel\u00e4inen &#8211; Odotin n\u00e4py\u00e4, tuli laaka"},"content":{"rendered":"","protected":false},"excerpt":{"rendered":"<p>Takakannessa Tuuren nimikirjoitus.<\/p>\n","protected":false},"featured_media":60996,"template":"","meta":{"_acf_changed":false},"product_brand":[],"product_cat":[120],"product_tag":[],"class_list":{"0":"post-70261","1":"product","2":"type-product","3":"status-publish","4":"has-post-thumbnail","6":"product_cat-finnish","7":"pa_formaatti-lp-en","8":"pa_kaytetty-uusi-2nd-hand","10":"first","11":"instock","12":"shipping-taxable","13":"purchasable","14":"product-type-simple"},"acf":[],"_links":{"self":[{"href":"https:\/\/freshgarbage.fi\/en\/wp-json\/wp\/v2\/product\/70261","targetHints":{"allow":["GET"]}}],"collection":[{"href":"https:\/\/freshgarbage.fi\/en\/wp-json\/wp\/v2\/product"}],"about":[{"href":"https:\/\/freshgarbage.fi\/en\/wp-json\/wp\/v2\/types\/product"}],"wp:featuredmedia":[{"embeddable":true,"href":"https:\/\/freshgarbage.fi\/en\/wp-json\/wp\/v2\/media\/60996"}],"wp:attachment":[{"href":"https:\/\/freshgarbage.fi\/en\/wp-json\/wp\/v2\/media?parent=70261"}],"wp:term":[{"taxonomy":"product_brand","embeddable":true,"href":"https:\/\/freshgarbage.fi\/en\/wp-json\/wp\/v2\/product_brand?post=70261"},{"taxonomy":"product_cat","embeddable":true,"href":"https:\/\/freshgarbage.fi\/en\/wp-json\/wp\/v2\/product_cat?post=70261"},{"taxonomy":"product_tag","embeddable":true,"href":"https:\/\/freshgarbage.fi\/en\/wp-json\/wp\/v2\/product_tag?post=70261"}],"curies":[{"name":"wp","href":"https:\/\/api.w.org\/{rel}","templated":true}]}}