{"id":70190,"date":"2024-05-29T15:00:36","date_gmt":"2024-05-29T12:00:36","guid":{"rendered":"https:\/\/freshgarbage.fi\/tuote\/joao-de-bruco-r-h-jackson-caracol\/"},"modified":"2024-05-29T15:00:36","modified_gmt":"2024-05-29T12:00:36","slug":"joao-de-bruco-r-h-jackson-caracol","status":"publish","type":"product","link":"https:\/\/freshgarbage.fi\/en\/product\/joao-de-bruco-r-h-jackson-caracol\/","title":{"rendered":"Jo\u00e3o De Bru\u00e7\u00f3, R.H. Jackson \u2013 Caracol"},"content":{"rendered":"","protected":false},"excerpt":{"rendered":"","protected":false},"featured_media":16940,"template":"","meta":{"_acf_changed":false},"product_brand":[],"product_cat":[126],"product_tag":[],"class_list":{"0":"post-70190","1":"product","2":"type-product","3":"status-publish","4":"has-post-thumbnail","6":"product_cat-experimental-ambient-noise-contemporary-classical","7":"pa_formaatti-lp-en","8":"pa_kaytetty-uusi-2nd-hand","10":"first","11":"instock","12":"shipping-taxable","13":"purchasable","14":"product-type-simple"},"acf":[],"_links":{"self":[{"href":"https:\/\/freshgarbage.fi\/en\/wp-json\/wp\/v2\/product\/70190","targetHints":{"allow":["GET"]}}],"collection":[{"href":"https:\/\/freshgarbage.fi\/en\/wp-json\/wp\/v2\/product"}],"about":[{"href":"https:\/\/freshgarbage.fi\/en\/wp-json\/wp\/v2\/types\/product"}],"wp:featuredmedia":[{"embeddable":true,"href":"https:\/\/freshgarbage.fi\/en\/wp-json\/wp\/v2\/media\/16940"}],"wp:attachment":[{"href":"https:\/\/freshgarbage.fi\/en\/wp-json\/wp\/v2\/media?parent=70190"}],"wp:term":[{"taxonomy":"product_brand","embeddable":true,"href":"https:\/\/freshgarbage.fi\/en\/wp-json\/wp\/v2\/product_brand?post=70190"},{"taxonomy":"product_cat","embeddable":true,"href":"https:\/\/freshgarbage.fi\/en\/wp-json\/wp\/v2\/product_cat?post=70190"},{"taxonomy":"product_tag","embeddable":true,"href":"https:\/\/freshgarbage.fi\/en\/wp-json\/wp\/v2\/product_tag?post=70190"}],"curies":[{"name":"wp","href":"https:\/\/api.w.org\/{rel}","templated":true}]}}