{"id":70156,"date":"2025-05-26T11:45:58","date_gmt":"2025-05-26T08:45:58","guid":{"rendered":"https:\/\/freshgarbage.fi\/tuote\/atomirotta-iii\/"},"modified":"2025-05-26T11:45:58","modified_gmt":"2025-05-26T08:45:58","slug":"atomirotta-iii","status":"publish","type":"product","link":"https:\/\/freshgarbage.fi\/en\/product\/atomirotta-iii\/","title":{"rendered":"Atomirotta \u2013 III"},"content":{"rendered":"","protected":false},"excerpt":{"rendered":"<p>Alkuper\u00e4inen ja ainoa painos. Jonkin verran kevytt\u00e4 sis\u00e4pussij\u00e4lke\u00e4, soi hienosti.<\/p>\n","protected":false},"featured_media":34884,"template":"","meta":{"_acf_changed":false},"product_brand":[],"product_cat":[120,123],"product_tag":[],"class_list":{"0":"post-70156","1":"product","2":"type-product","3":"status-publish","4":"has-post-thumbnail","6":"product_cat-finnish","7":"product_cat-hip-hop-rap-en","8":"pa_formaatti-lp-en","9":"pa_kaytetty-uusi-2nd-hand","11":"first","12":"outofstock","13":"shipping-taxable","14":"purchasable","15":"product-type-simple"},"acf":[],"_links":{"self":[{"href":"https:\/\/freshgarbage.fi\/en\/wp-json\/wp\/v2\/product\/70156","targetHints":{"allow":["GET"]}}],"collection":[{"href":"https:\/\/freshgarbage.fi\/en\/wp-json\/wp\/v2\/product"}],"about":[{"href":"https:\/\/freshgarbage.fi\/en\/wp-json\/wp\/v2\/types\/product"}],"wp:featuredmedia":[{"embeddable":true,"href":"https:\/\/freshgarbage.fi\/en\/wp-json\/wp\/v2\/media\/34884"}],"wp:attachment":[{"href":"https:\/\/freshgarbage.fi\/en\/wp-json\/wp\/v2\/media?parent=70156"}],"wp:term":[{"taxonomy":"product_brand","embeddable":true,"href":"https:\/\/freshgarbage.fi\/en\/wp-json\/wp\/v2\/product_brand?post=70156"},{"taxonomy":"product_cat","embeddable":true,"href":"https:\/\/freshgarbage.fi\/en\/wp-json\/wp\/v2\/product_cat?post=70156"},{"taxonomy":"product_tag","embeddable":true,"href":"https:\/\/freshgarbage.fi\/en\/wp-json\/wp\/v2\/product_tag?post=70156"}],"curies":[{"name":"wp","href":"https:\/\/api.w.org\/{rel}","templated":true}]}}