{"id":70064,"date":"2024-04-12T16:30:23","date_gmt":"2024-04-12T13:30:23","guid":{"rendered":"https:\/\/freshgarbage.fi\/tuote\/watchhouse-watchhouse\/"},"modified":"2024-04-12T16:30:23","modified_gmt":"2024-04-12T13:30:23","slug":"watchhouse-watchhouse","status":"publish","type":"product","link":"https:\/\/freshgarbage.fi\/en\/product\/watchhouse-watchhouse\/","title":{"rendered":"Watchhouse \u2013 Watchhouse"},"content":{"rendered":"","protected":false},"excerpt":{"rendered":"<p>L\u00e4pin\u00e4kyv\u00e4 sininen levy.<\/p>\n","protected":false},"featured_media":15123,"template":"","meta":{"_acf_changed":false},"product_brand":[],"product_cat":[125],"product_tag":[],"class_list":{"0":"post-70064","1":"product","2":"type-product","3":"status-publish","4":"has-post-thumbnail","6":"product_cat-folk-folk-rock-acoustic-en","7":"pa_formaatti-lp-en","8":"pa_kaytetty-uusi-2nd-hand","10":"first","11":"instock","12":"shipping-taxable","13":"purchasable","14":"product-type-simple"},"acf":[],"_links":{"self":[{"href":"https:\/\/freshgarbage.fi\/en\/wp-json\/wp\/v2\/product\/70064","targetHints":{"allow":["GET"]}}],"collection":[{"href":"https:\/\/freshgarbage.fi\/en\/wp-json\/wp\/v2\/product"}],"about":[{"href":"https:\/\/freshgarbage.fi\/en\/wp-json\/wp\/v2\/types\/product"}],"wp:featuredmedia":[{"embeddable":true,"href":"https:\/\/freshgarbage.fi\/en\/wp-json\/wp\/v2\/media\/15123"}],"wp:attachment":[{"href":"https:\/\/freshgarbage.fi\/en\/wp-json\/wp\/v2\/media?parent=70064"}],"wp:term":[{"taxonomy":"product_brand","embeddable":true,"href":"https:\/\/freshgarbage.fi\/en\/wp-json\/wp\/v2\/product_brand?post=70064"},{"taxonomy":"product_cat","embeddable":true,"href":"https:\/\/freshgarbage.fi\/en\/wp-json\/wp\/v2\/product_cat?post=70064"},{"taxonomy":"product_tag","embeddable":true,"href":"https:\/\/freshgarbage.fi\/en\/wp-json\/wp\/v2\/product_tag?post=70064"}],"curies":[{"name":"wp","href":"https:\/\/api.w.org\/{rel}","templated":true}]}}