{"id":69917,"date":"2024-09-17T11:20:05","date_gmt":"2024-09-17T08:20:05","guid":{"rendered":"https:\/\/freshgarbage.fi\/tuote\/dagmar-krause-tank-battles-the-songs-of-hanns-eisler\/"},"modified":"2024-09-17T11:20:05","modified_gmt":"2024-09-17T08:20:05","slug":"dagmar-krause-tank-battles-the-songs-of-hanns-eisler","status":"publish","type":"product","link":"https:\/\/freshgarbage.fi\/en\/product\/dagmar-krause-tank-battles-the-songs-of-hanns-eisler\/","title":{"rendered":"Dagmar Krause \u2013 Tank Battles: The Songs Of Hanns Eisler"},"content":{"rendered":"","protected":false},"excerpt":{"rendered":"<p>Alkuper\u00e4inen UK-painos. Levyn A-puolella viirumaisia pintaj\u00e4lki\u00e4, mutta eiv\u00e4t kuulu lainkaan soitossa.<\/p>\n","protected":false},"featured_media":22651,"template":"","meta":{"_acf_changed":false},"product_brand":[],"product_cat":[126],"product_tag":[],"class_list":{"0":"post-69917","1":"product","2":"type-product","3":"status-publish","4":"has-post-thumbnail","6":"product_cat-experimental-ambient-noise-contemporary-classical","7":"pa_formaatti-lp-en","8":"pa_kaytetty-uusi-2nd-hand","10":"first","11":"instock","12":"shipping-taxable","13":"purchasable","14":"product-type-simple"},"acf":[],"_links":{"self":[{"href":"https:\/\/freshgarbage.fi\/en\/wp-json\/wp\/v2\/product\/69917","targetHints":{"allow":["GET"]}}],"collection":[{"href":"https:\/\/freshgarbage.fi\/en\/wp-json\/wp\/v2\/product"}],"about":[{"href":"https:\/\/freshgarbage.fi\/en\/wp-json\/wp\/v2\/types\/product"}],"wp:featuredmedia":[{"embeddable":true,"href":"https:\/\/freshgarbage.fi\/en\/wp-json\/wp\/v2\/media\/22651"}],"wp:attachment":[{"href":"https:\/\/freshgarbage.fi\/en\/wp-json\/wp\/v2\/media?parent=69917"}],"wp:term":[{"taxonomy":"product_brand","embeddable":true,"href":"https:\/\/freshgarbage.fi\/en\/wp-json\/wp\/v2\/product_brand?post=69917"},{"taxonomy":"product_cat","embeddable":true,"href":"https:\/\/freshgarbage.fi\/en\/wp-json\/wp\/v2\/product_cat?post=69917"},{"taxonomy":"product_tag","embeddable":true,"href":"https:\/\/freshgarbage.fi\/en\/wp-json\/wp\/v2\/product_tag?post=69917"}],"curies":[{"name":"wp","href":"https:\/\/api.w.org\/{rel}","templated":true}]}}