{"id":69842,"date":"2023-09-23T14:04:50","date_gmt":"2023-09-23T11:04:50","guid":{"rendered":"https:\/\/freshgarbage.fi\/tuote\/various-rez-infinite\/"},"modified":"2023-09-23T14:04:50","modified_gmt":"2023-09-23T11:04:50","slug":"various-rez-infinite","status":"publish","type":"product","link":"https:\/\/freshgarbage.fi\/en\/product\/various-rez-infinite\/","title":{"rendered":"Various \u2013 Rez Infinite"},"content":{"rendered":"","protected":false},"excerpt":{"rendered":"<p>Boksin p\u00e4\u00e4ll\u00e4 olevasta l\u00e4pin\u00e4kyv\u00e4st\u00e4 muovikotelosta on murtunut pieni pala pois. Muuten erinomainen kunto.<\/p>\n<p>This Collector\u2019s Edition vinyl set includes 2xLP of music from the original Rez, completely remastered for vinyl, plus an extra bonus 7-inch record featuring music from the new \u201cArea X\u201d content.<\/p>\n<p>Includes 64-page Retrospective Book with the comprehensive history of Rez&#8217;s development.<\/p>\n<p>A + B on solid orange and C + D on transparent orange 12&#8243; vinyl. X on starburst grey 7&#8243; vinyl<\/p>\n<p>A1\u00a0 Keiichi Sugiyama &#8211; Buggie Running Beeps 01 &lt;Area 01&gt;<br \/>\nA2\u00a0 Mist &#8211; Protocol Rain &lt;Area 02&gt;<br \/>\nA3\u00a0 Ken Ishii &#8211; Creation The State Of Art &lt;Full Option&gt; &lt;Area 03&gt;<br \/>\nB1\u00a0 Joujouka &#8211; Rock Is Sponge &lt;Area 04&gt;<br \/>\nB2\u00a0 Adam Freeland &#8211; Fear &lt;Rez Edit&gt; &lt;Area 05&gt;<br \/>\nC1\u00a0 Coldcut &#8211; Boss Attacks &lt;Remix&gt; &lt;Eden\/Last Boss&gt;<br \/>\nC2\u00a0 EBZ &#8211; F6 G5 &lt;Lost Area&gt;<br \/>\nD1\u00a0 Oval &#8211; Octaeder 0.1<br \/>\nD2. Ken Ishii &#8211; Creative State<br \/>\nD3\u00a0 EBZ &#8211; P-project &lt;Trancemission&gt;<br \/>\nX1\u00a0 Hydelic &#8211; Singularity X &lt;Area X&gt;<br \/>\nX2\u00a0 Hydelic &#8211; Butterfly Effect &lt;Area X&gt;<\/p>\n","protected":false},"featured_media":1268,"template":"","meta":{"_acf_changed":false},"product_brand":[],"product_cat":[127,126,133],"product_tag":[],"class_list":{"0":"post-69842","1":"product","2":"type-product","3":"status-publish","4":"has-post-thumbnail","6":"product_cat-electronic-en","7":"product_cat-experimental-ambient-noise-contemporary-classical","8":"product_cat-soundtracks-en","9":"pa_formaatti-box-set","10":"pa_formaatti-lp-en","11":"pa_kaytetty-uusi-2nd-hand","13":"first","14":"instock","15":"sale","16":"shipping-taxable","17":"purchasable","18":"product-type-simple"},"acf":[],"_links":{"self":[{"href":"https:\/\/freshgarbage.fi\/en\/wp-json\/wp\/v2\/product\/69842","targetHints":{"allow":["GET"]}}],"collection":[{"href":"https:\/\/freshgarbage.fi\/en\/wp-json\/wp\/v2\/product"}],"about":[{"href":"https:\/\/freshgarbage.fi\/en\/wp-json\/wp\/v2\/types\/product"}],"wp:featuredmedia":[{"embeddable":true,"href":"https:\/\/freshgarbage.fi\/en\/wp-json\/wp\/v2\/media\/1268"}],"wp:attachment":[{"href":"https:\/\/freshgarbage.fi\/en\/wp-json\/wp\/v2\/media?parent=69842"}],"wp:term":[{"taxonomy":"product_brand","embeddable":true,"href":"https:\/\/freshgarbage.fi\/en\/wp-json\/wp\/v2\/product_brand?post=69842"},{"taxonomy":"product_cat","embeddable":true,"href":"https:\/\/freshgarbage.fi\/en\/wp-json\/wp\/v2\/product_cat?post=69842"},{"taxonomy":"product_tag","embeddable":true,"href":"https:\/\/freshgarbage.fi\/en\/wp-json\/wp\/v2\/product_tag?post=69842"}],"curies":[{"name":"wp","href":"https:\/\/api.w.org\/{rel}","templated":true}]}}