{"id":69749,"date":"2024-10-14T13:59:13","date_gmt":"2024-10-14T10:59:13","guid":{"rendered":"https:\/\/freshgarbage.fi\/tuote\/girls-against-boys-cruise-yourself\/"},"modified":"2024-10-14T13:59:13","modified_gmt":"2024-10-14T10:59:13","slug":"girls-against-boys-cruise-yourself","status":"publish","type":"product","link":"https:\/\/freshgarbage.fi\/en\/product\/girls-against-boys-cruise-yourself\/","title":{"rendered":"Girls Against Boys \u2013 Cruise Yourself"},"content":{"rendered":"","protected":false},"excerpt":{"rendered":"<p>Alkuper\u00e4inen Eurooppa-painos. Levyss\u00e4 j\u00e4lki\u00e4, jotka luultavasti syntyneet levysoittimen tapista. Eiv\u00e4t kuulu mill\u00e4\u00e4n tavalla soitossa, joten soi t\u00e4ysin puhtaasti.<\/p>\n","protected":false},"featured_media":24490,"template":"","meta":{"_acf_changed":false},"product_brand":[],"product_cat":[130],"product_tag":[],"class_list":{"0":"post-69749","1":"product","2":"type-product","3":"status-publish","4":"has-post-thumbnail","6":"product_cat-alternative-indie-rock","7":"pa_formaatti-lp-en","8":"pa_kaytetty-uusi-2nd-hand","10":"first","11":"instock","12":"shipping-taxable","13":"purchasable","14":"product-type-simple"},"acf":[],"_links":{"self":[{"href":"https:\/\/freshgarbage.fi\/en\/wp-json\/wp\/v2\/product\/69749","targetHints":{"allow":["GET"]}}],"collection":[{"href":"https:\/\/freshgarbage.fi\/en\/wp-json\/wp\/v2\/product"}],"about":[{"href":"https:\/\/freshgarbage.fi\/en\/wp-json\/wp\/v2\/types\/product"}],"wp:featuredmedia":[{"embeddable":true,"href":"https:\/\/freshgarbage.fi\/en\/wp-json\/wp\/v2\/media\/24490"}],"wp:attachment":[{"href":"https:\/\/freshgarbage.fi\/en\/wp-json\/wp\/v2\/media?parent=69749"}],"wp:term":[{"taxonomy":"product_brand","embeddable":true,"href":"https:\/\/freshgarbage.fi\/en\/wp-json\/wp\/v2\/product_brand?post=69749"},{"taxonomy":"product_cat","embeddable":true,"href":"https:\/\/freshgarbage.fi\/en\/wp-json\/wp\/v2\/product_cat?post=69749"},{"taxonomy":"product_tag","embeddable":true,"href":"https:\/\/freshgarbage.fi\/en\/wp-json\/wp\/v2\/product_tag?post=69749"}],"curies":[{"name":"wp","href":"https:\/\/api.w.org\/{rel}","templated":true}]}}