{"id":69726,"date":"2026-02-25T15:00:59","date_gmt":"2026-02-25T13:00:59","guid":{"rendered":"https:\/\/freshgarbage.fi\/tuote\/kukkatalo-ristiriita\/"},"modified":"2026-02-25T15:02:51","modified_gmt":"2026-02-25T13:02:51","slug":"kukkatalo-ristiriita","status":"publish","type":"product","link":"https:\/\/freshgarbage.fi\/en\/product\/kukkatalo-ristiriita\/","title":{"rendered":"Kukkatalo \u2013 Ristiriita"},"content":{"rendered":"","protected":false},"excerpt":{"rendered":"<p>Indie rockia ja r\u00e4ppi\u00e4 yhdistelev\u00e4n Kukkatalon albumi on yht\u00e4 aikaa vallattoman riehakas ja pohdiskelevan melankolinen kokonaisuus surisevia kitaroita, hunajaisia laulumelodioita, heng\u00e4stytt\u00e4v\u00e4\u00e4 r\u00e4pp\u00e4yst\u00e4 ja pursuilevia ideoita. Kukkatalon sinkut ovat soineet ahkerasti YleXill\u00e4 ja Radio Helsingiss\u00e4, ja albumin julkaisun my\u00f6t\u00e4 helsinkil\u00e4isb\u00e4ndi suuntaa keikoille halki Suomen. B\u00e4ndin solistit tuttuja my\u00f6s J\u00e4n\u00f6klubista ja Good Boysista.<\/p>\n<p>A)<br \/>\n1. L\u00e4het\u00e4\u00e4n<br \/>\n2. Skene<br \/>\n3. Uudestaan<br \/>\n4. Mut unohdettiin<br \/>\n5. Sit kun<\/p>\n<p>B)<br \/>\n1. Riivana<br \/>\n2. Aikaa<br \/>\n3. En jaksa en\u00e4\u00e4 yritt\u00e4\u00e4<br \/>\n4. Syd\u00e4n<br \/>\n5. Todellisuuspakolaisii<\/p>\n","protected":false},"featured_media":69725,"template":"","meta":{"_acf_changed":false},"product_brand":[],"product_cat":[130,120,123,107],"product_tag":[],"class_list":{"0":"post-69726","1":"product","2":"type-product","3":"status-publish","4":"has-post-thumbnail","6":"product_cat-alternative-indie-rock","7":"product_cat-finnish","8":"product_cat-hip-hop-rap-en","9":"product_cat-new","10":"pa_formaatti-lp-en","11":"pa_kaytetty-uusi-new","13":"first","14":"instock","15":"taxable","16":"shipping-taxable","17":"purchasable","18":"product-type-simple"},"acf":[],"_links":{"self":[{"href":"https:\/\/freshgarbage.fi\/en\/wp-json\/wp\/v2\/product\/69726","targetHints":{"allow":["GET"]}}],"collection":[{"href":"https:\/\/freshgarbage.fi\/en\/wp-json\/wp\/v2\/product"}],"about":[{"href":"https:\/\/freshgarbage.fi\/en\/wp-json\/wp\/v2\/types\/product"}],"wp:featuredmedia":[{"embeddable":true,"href":"https:\/\/freshgarbage.fi\/en\/wp-json\/wp\/v2\/media\/69725"}],"wp:attachment":[{"href":"https:\/\/freshgarbage.fi\/en\/wp-json\/wp\/v2\/media?parent=69726"}],"wp:term":[{"taxonomy":"product_brand","embeddable":true,"href":"https:\/\/freshgarbage.fi\/en\/wp-json\/wp\/v2\/product_brand?post=69726"},{"taxonomy":"product_cat","embeddable":true,"href":"https:\/\/freshgarbage.fi\/en\/wp-json\/wp\/v2\/product_cat?post=69726"},{"taxonomy":"product_tag","embeddable":true,"href":"https:\/\/freshgarbage.fi\/en\/wp-json\/wp\/v2\/product_tag?post=69726"}],"curies":[{"name":"wp","href":"https:\/\/api.w.org\/{rel}","templated":true}]}}