{"id":69693,"date":"2025-10-01T12:00:26","date_gmt":"2025-10-01T09:00:26","guid":{"rendered":"https:\/\/freshgarbage.fi\/tuote\/ice-cube-amerikkkas-most-wanted-2\/"},"modified":"2025-10-01T12:00:26","modified_gmt":"2025-10-01T09:00:26","slug":"ice-cube-amerikkkas-most-wanted-2","status":"publish","type":"product","link":"https:\/\/freshgarbage.fi\/en\/product\/ice-cube-amerikkkas-most-wanted-2\/","title":{"rendered":"Ice Cube \u2013 AmeriKKKa&#8217;s Most Wanted"},"content":{"rendered":"","protected":false},"excerpt":{"rendered":"<p>Alkuper\u00e4inen USA-painos. Jokunen kevyt j\u00e4lki, soi hienosti. Alkuper\u00e4isen sis\u00e4pussin pohjassa teipattu seam split.<\/p>\n","protected":false},"featured_media":56047,"template":"","meta":{"_acf_changed":false},"product_brand":[],"product_cat":[123],"product_tag":[],"class_list":{"0":"post-69693","1":"product","2":"type-product","3":"status-publish","4":"has-post-thumbnail","6":"product_cat-hip-hop-rap-en","7":"pa_formaatti-lp-en","8":"pa_kaytetty-uusi-2nd-hand","10":"first","11":"instock","12":"shipping-taxable","13":"purchasable","14":"product-type-simple"},"acf":[],"_links":{"self":[{"href":"https:\/\/freshgarbage.fi\/en\/wp-json\/wp\/v2\/product\/69693","targetHints":{"allow":["GET"]}}],"collection":[{"href":"https:\/\/freshgarbage.fi\/en\/wp-json\/wp\/v2\/product"}],"about":[{"href":"https:\/\/freshgarbage.fi\/en\/wp-json\/wp\/v2\/types\/product"}],"wp:featuredmedia":[{"embeddable":true,"href":"https:\/\/freshgarbage.fi\/en\/wp-json\/wp\/v2\/media\/56047"}],"wp:attachment":[{"href":"https:\/\/freshgarbage.fi\/en\/wp-json\/wp\/v2\/media?parent=69693"}],"wp:term":[{"taxonomy":"product_brand","embeddable":true,"href":"https:\/\/freshgarbage.fi\/en\/wp-json\/wp\/v2\/product_brand?post=69693"},{"taxonomy":"product_cat","embeddable":true,"href":"https:\/\/freshgarbage.fi\/en\/wp-json\/wp\/v2\/product_cat?post=69693"},{"taxonomy":"product_tag","embeddable":true,"href":"https:\/\/freshgarbage.fi\/en\/wp-json\/wp\/v2\/product_tag?post=69693"}],"curies":[{"name":"wp","href":"https:\/\/api.w.org\/{rel}","templated":true}]}}