{"id":69579,"date":"2025-10-07T11:55:00","date_gmt":"2025-10-07T08:55:00","guid":{"rendered":"https:\/\/freshgarbage.fi\/tuote\/notkea-rotta-esittaa-lahiosadun-panokset-piippuun-pohinat-ponttoon-punainen\/"},"modified":"2025-10-07T11:55:00","modified_gmt":"2025-10-07T08:55:00","slug":"notkea-rotta-esittaa-lahiosadun-panokset-piippuun-pohinat-ponttoon-punainen","status":"publish","type":"product","link":"https:\/\/freshgarbage.fi\/en\/product\/notkea-rotta-esittaa-lahiosadun-panokset-piippuun-pohinat-ponttoon-punainen\/","title":{"rendered":"Notkea Rotta \u200e\u2013 Esitt\u00e4\u00e4 L\u00e4hi\u00f6sadun: Panokset Piippuun, P\u00f6hin\u00e4t P\u00f6ntt\u00f6\u00f6n. (punainen)"},"content":{"rendered":"","protected":false},"excerpt":{"rendered":"<p>2LP. Ensimm\u00e4inen vinyylipainos punaisilla levyill\u00e4.<\/p>\n","protected":false},"featured_media":56445,"template":"","meta":{"_acf_changed":false},"product_brand":[],"product_cat":[120,123],"product_tag":[],"class_list":{"0":"post-69579","1":"product","2":"type-product","3":"status-publish","4":"has-post-thumbnail","6":"product_cat-finnish","7":"product_cat-hip-hop-rap-en","8":"pa_formaatti-lp-en","9":"pa_kaytetty-uusi-2nd-hand","11":"first","12":"instock","13":"shipping-taxable","14":"purchasable","15":"product-type-simple"},"acf":[],"_links":{"self":[{"href":"https:\/\/freshgarbage.fi\/en\/wp-json\/wp\/v2\/product\/69579","targetHints":{"allow":["GET"]}}],"collection":[{"href":"https:\/\/freshgarbage.fi\/en\/wp-json\/wp\/v2\/product"}],"about":[{"href":"https:\/\/freshgarbage.fi\/en\/wp-json\/wp\/v2\/types\/product"}],"wp:featuredmedia":[{"embeddable":true,"href":"https:\/\/freshgarbage.fi\/en\/wp-json\/wp\/v2\/media\/56445"}],"wp:attachment":[{"href":"https:\/\/freshgarbage.fi\/en\/wp-json\/wp\/v2\/media?parent=69579"}],"wp:term":[{"taxonomy":"product_brand","embeddable":true,"href":"https:\/\/freshgarbage.fi\/en\/wp-json\/wp\/v2\/product_brand?post=69579"},{"taxonomy":"product_cat","embeddable":true,"href":"https:\/\/freshgarbage.fi\/en\/wp-json\/wp\/v2\/product_cat?post=69579"},{"taxonomy":"product_tag","embeddable":true,"href":"https:\/\/freshgarbage.fi\/en\/wp-json\/wp\/v2\/product_tag?post=69579"}],"curies":[{"name":"wp","href":"https:\/\/api.w.org\/{rel}","templated":true}]}}