{"id":69527,"date":"2023-12-20T10:59:49","date_gmt":"2023-12-20T08:59:49","guid":{"rendered":"https:\/\/freshgarbage.fi\/tuote\/ennio-morricone-metello\/"},"modified":"2023-12-20T10:59:49","modified_gmt":"2023-12-20T08:59:49","slug":"ennio-morricone-metello","status":"publish","type":"product","link":"https:\/\/freshgarbage.fi\/en\/product\/ennio-morricone-metello\/","title":{"rendered":"Ennio Morricone \u2013 Metello"},"content":{"rendered":"","protected":false},"excerpt":{"rendered":"<p>Levyss\u00e4 suht paljon j\u00e4lke\u00e4, mutta vain yksi hieman tuntuvampi j\u00e4lki, joka napsuu noin puolen minuutin ajan.<\/p>\n","protected":false},"featured_media":7737,"template":"","meta":{"_acf_changed":false},"product_brand":[],"product_cat":[133],"product_tag":[],"class_list":{"0":"post-69527","1":"product","2":"type-product","3":"status-publish","4":"has-post-thumbnail","6":"product_cat-soundtracks-en","7":"pa_formaatti-lp-en","8":"pa_kaytetty-uusi-2nd-hand","10":"first","11":"instock","12":"shipping-taxable","13":"purchasable","14":"product-type-simple"},"acf":[],"_links":{"self":[{"href":"https:\/\/freshgarbage.fi\/en\/wp-json\/wp\/v2\/product\/69527","targetHints":{"allow":["GET"]}}],"collection":[{"href":"https:\/\/freshgarbage.fi\/en\/wp-json\/wp\/v2\/product"}],"about":[{"href":"https:\/\/freshgarbage.fi\/en\/wp-json\/wp\/v2\/types\/product"}],"wp:featuredmedia":[{"embeddable":true,"href":"https:\/\/freshgarbage.fi\/en\/wp-json\/wp\/v2\/media\/7737"}],"wp:attachment":[{"href":"https:\/\/freshgarbage.fi\/en\/wp-json\/wp\/v2\/media?parent=69527"}],"wp:term":[{"taxonomy":"product_brand","embeddable":true,"href":"https:\/\/freshgarbage.fi\/en\/wp-json\/wp\/v2\/product_brand?post=69527"},{"taxonomy":"product_cat","embeddable":true,"href":"https:\/\/freshgarbage.fi\/en\/wp-json\/wp\/v2\/product_cat?post=69527"},{"taxonomy":"product_tag","embeddable":true,"href":"https:\/\/freshgarbage.fi\/en\/wp-json\/wp\/v2\/product_tag?post=69527"}],"curies":[{"name":"wp","href":"https:\/\/api.w.org\/{rel}","templated":true}]}}