{"id":69390,"date":"2025-03-13T11:30:07","date_gmt":"2025-03-13T09:30:07","guid":{"rendered":"https:\/\/freshgarbage.fi\/tuote\/ronnie-jones-games\/"},"modified":"2025-03-13T11:30:07","modified_gmt":"2025-03-13T09:30:07","slug":"ronnie-jones-games","status":"publish","type":"product","link":"https:\/\/freshgarbage.fi\/en\/product\/ronnie-jones-games\/","title":{"rendered":"Ronnie Jones \u2013 Games"},"content":{"rendered":"","protected":false},"excerpt":{"rendered":"<p>Cut out, reunakulumaa, pient\u00e4 pintarepe\u00e4m\u00e4\u00e4 etukannessa, keskell\u00e4 kantta kirjoitettu nimi.<\/p>\n","protected":false},"featured_media":31529,"template":"","meta":{"_acf_changed":false},"product_brand":[],"product_cat":[132],"product_tag":[],"class_list":{"0":"post-69390","1":"product","2":"type-product","3":"status-publish","4":"has-post-thumbnail","6":"product_cat-soul-funk-disco-rnb-en","7":"pa_formaatti-lp-en","8":"pa_kaytetty-uusi-2nd-hand","10":"first","11":"instock","12":"shipping-taxable","13":"purchasable","14":"product-type-simple"},"acf":[],"_links":{"self":[{"href":"https:\/\/freshgarbage.fi\/en\/wp-json\/wp\/v2\/product\/69390","targetHints":{"allow":["GET"]}}],"collection":[{"href":"https:\/\/freshgarbage.fi\/en\/wp-json\/wp\/v2\/product"}],"about":[{"href":"https:\/\/freshgarbage.fi\/en\/wp-json\/wp\/v2\/types\/product"}],"wp:featuredmedia":[{"embeddable":true,"href":"https:\/\/freshgarbage.fi\/en\/wp-json\/wp\/v2\/media\/31529"}],"wp:attachment":[{"href":"https:\/\/freshgarbage.fi\/en\/wp-json\/wp\/v2\/media?parent=69390"}],"wp:term":[{"taxonomy":"product_brand","embeddable":true,"href":"https:\/\/freshgarbage.fi\/en\/wp-json\/wp\/v2\/product_brand?post=69390"},{"taxonomy":"product_cat","embeddable":true,"href":"https:\/\/freshgarbage.fi\/en\/wp-json\/wp\/v2\/product_cat?post=69390"},{"taxonomy":"product_tag","embeddable":true,"href":"https:\/\/freshgarbage.fi\/en\/wp-json\/wp\/v2\/product_tag?post=69390"}],"curies":[{"name":"wp","href":"https:\/\/api.w.org\/{rel}","templated":true}]}}