{"id":69325,"date":"2024-03-11T12:05:42","date_gmt":"2024-03-11T10:05:42","guid":{"rendered":"https:\/\/freshgarbage.fi\/tuote\/yasuaki-shimizu-masanori-sasaji-taiyo-no-shisha-tetsujin-nijuhachi-go\/"},"modified":"2024-03-11T12:05:42","modified_gmt":"2024-03-11T10:05:42","slug":"yasuaki-shimizu-masanori-sasaji-taiyo-no-shisha-tetsujin-nijuhachi-go","status":"publish","type":"product","link":"https:\/\/freshgarbage.fi\/en\/product\/yasuaki-shimizu-masanori-sasaji-taiyo-no-shisha-tetsujin-nijuhachi-go\/","title":{"rendered":"Yasuaki Shimizu \/ Masanori Sasaji \u2013 Taiy\u014d no Shisha Tetsujin Nij\u016bhachi-g\u014d"},"content":{"rendered":"","protected":false},"excerpt":{"rendered":"<p>The New Adventures of Gigantor -soundtrack.<\/p>\n<p>OBI puuttuu.<\/p>\n","protected":false},"featured_media":12818,"template":"","meta":{"_acf_changed":false},"product_brand":[],"product_cat":[133],"product_tag":[],"class_list":{"0":"post-69325","1":"product","2":"type-product","3":"status-publish","4":"has-post-thumbnail","6":"product_cat-soundtracks-en","7":"pa_formaatti-lp-en","8":"pa_kaytetty-uusi-2nd-hand","10":"first","11":"instock","12":"shipping-taxable","13":"purchasable","14":"product-type-simple"},"acf":[],"_links":{"self":[{"href":"https:\/\/freshgarbage.fi\/en\/wp-json\/wp\/v2\/product\/69325","targetHints":{"allow":["GET"]}}],"collection":[{"href":"https:\/\/freshgarbage.fi\/en\/wp-json\/wp\/v2\/product"}],"about":[{"href":"https:\/\/freshgarbage.fi\/en\/wp-json\/wp\/v2\/types\/product"}],"wp:featuredmedia":[{"embeddable":true,"href":"https:\/\/freshgarbage.fi\/en\/wp-json\/wp\/v2\/media\/12818"}],"wp:attachment":[{"href":"https:\/\/freshgarbage.fi\/en\/wp-json\/wp\/v2\/media?parent=69325"}],"wp:term":[{"taxonomy":"product_brand","embeddable":true,"href":"https:\/\/freshgarbage.fi\/en\/wp-json\/wp\/v2\/product_brand?post=69325"},{"taxonomy":"product_cat","embeddable":true,"href":"https:\/\/freshgarbage.fi\/en\/wp-json\/wp\/v2\/product_cat?post=69325"},{"taxonomy":"product_tag","embeddable":true,"href":"https:\/\/freshgarbage.fi\/en\/wp-json\/wp\/v2\/product_tag?post=69325"}],"curies":[{"name":"wp","href":"https:\/\/api.w.org\/{rel}","templated":true}]}}