{"id":69293,"date":"2025-10-28T11:40:21","date_gmt":"2025-10-28T09:40:21","guid":{"rendered":"https:\/\/freshgarbage.fi\/tuote\/brian-setzer-rockabilly-riot-volume-one-a-tribute-to-sun-records\/"},"modified":"2025-10-28T11:40:21","modified_gmt":"2025-10-28T09:40:21","slug":"brian-setzer-rockabilly-riot-volume-one-a-tribute-to-sun-records","status":"publish","type":"product","link":"https:\/\/freshgarbage.fi\/en\/product\/brian-setzer-rockabilly-riot-volume-one-a-tribute-to-sun-records\/","title":{"rendered":"Brian Setzer \u2013 Rockabilly Riot! Volume One &#8211; A Tribute To Sun Records"},"content":{"rendered":"","protected":false},"excerpt":{"rendered":"<p>Alkuper\u00e4inen painos. Hieman kevytt\u00e4 sis\u00e4pussihankaumaa.<\/p>\n","protected":false},"featured_media":58014,"template":"","meta":{"_acf_changed":false},"product_brand":[],"product_cat":[116],"product_tag":[],"class_list":{"0":"post-69293","1":"product","2":"type-product","3":"status-publish","4":"has-post-thumbnail","6":"product_cat-rock-pop-en","7":"pa_formaatti-lp-en","8":"pa_kaytetty-uusi-2nd-hand","10":"first","11":"instock","12":"shipping-taxable","13":"purchasable","14":"product-type-simple"},"acf":[],"_links":{"self":[{"href":"https:\/\/freshgarbage.fi\/en\/wp-json\/wp\/v2\/product\/69293","targetHints":{"allow":["GET"]}}],"collection":[{"href":"https:\/\/freshgarbage.fi\/en\/wp-json\/wp\/v2\/product"}],"about":[{"href":"https:\/\/freshgarbage.fi\/en\/wp-json\/wp\/v2\/types\/product"}],"wp:featuredmedia":[{"embeddable":true,"href":"https:\/\/freshgarbage.fi\/en\/wp-json\/wp\/v2\/media\/58014"}],"wp:attachment":[{"href":"https:\/\/freshgarbage.fi\/en\/wp-json\/wp\/v2\/media?parent=69293"}],"wp:term":[{"taxonomy":"product_brand","embeddable":true,"href":"https:\/\/freshgarbage.fi\/en\/wp-json\/wp\/v2\/product_brand?post=69293"},{"taxonomy":"product_cat","embeddable":true,"href":"https:\/\/freshgarbage.fi\/en\/wp-json\/wp\/v2\/product_cat?post=69293"},{"taxonomy":"product_tag","embeddable":true,"href":"https:\/\/freshgarbage.fi\/en\/wp-json\/wp\/v2\/product_tag?post=69293"}],"curies":[{"name":"wp","href":"https:\/\/api.w.org\/{rel}","templated":true}]}}