{"id":69286,"date":"2025-10-30T11:45:06","date_gmt":"2025-10-30T09:45:06","guid":{"rendered":"https:\/\/freshgarbage.fi\/tuote\/them-featuring-van-morrison-them-featuring-van-morrison\/"},"modified":"2025-10-30T11:45:06","modified_gmt":"2025-10-30T09:45:06","slug":"them-featuring-van-morrison-them-featuring-van-morrison","status":"publish","type":"product","link":"https:\/\/freshgarbage.fi\/en\/product\/them-featuring-van-morrison-them-featuring-van-morrison\/","title":{"rendered":"Them Featuring Van Morrison \u2013 Them Featuring Van Morrison"},"content":{"rendered":"","protected":false},"excerpt":{"rendered":"<p>Etukannessa hintalappu j\u00e4\u00e4m\u00e4\u00e4 ja pient\u00e4 pintarepe\u00e4m\u00e4\u00e4.<\/p>\n<p>A1 Gloria 2:40<br \/>\nA2 The Story Of Them 7:13<br \/>\nA3 Stormy Monday 2:41<br \/>\nA4 Mystic Eyes 2:40<br \/>\nA5 Hey Girl 2:58<br \/>\nA6 Baby Please Don&#8217;t Go 2:40<br \/>\nB1 Here Comes The Night 2:40<br \/>\nB2 My Lonely Sad Eyes 2:28<br \/>\nB3 Richard Cory 3:48<br \/>\nB4 (It Won&#8217;t Hurt) Half As Much 3:06<br \/>\nB5 Turn On Your Love Light 2:20<br \/>\nB6 I Put A Spell On You 2:35<br \/>\nB7 Don&#8217;t Look Back 3:20<\/p>\n","protected":false},"featured_media":58152,"template":"","meta":{"_acf_changed":false},"product_brand":[],"product_cat":[116],"product_tag":[],"class_list":{"0":"post-69286","1":"product","2":"type-product","3":"status-publish","4":"has-post-thumbnail","6":"product_cat-rock-pop-en","7":"pa_formaatti-lp-en","8":"pa_kaytetty-uusi-2nd-hand","10":"first","11":"instock","12":"shipping-taxable","13":"purchasable","14":"product-type-simple"},"acf":[],"_links":{"self":[{"href":"https:\/\/freshgarbage.fi\/en\/wp-json\/wp\/v2\/product\/69286","targetHints":{"allow":["GET"]}}],"collection":[{"href":"https:\/\/freshgarbage.fi\/en\/wp-json\/wp\/v2\/product"}],"about":[{"href":"https:\/\/freshgarbage.fi\/en\/wp-json\/wp\/v2\/types\/product"}],"wp:featuredmedia":[{"embeddable":true,"href":"https:\/\/freshgarbage.fi\/en\/wp-json\/wp\/v2\/media\/58152"}],"wp:attachment":[{"href":"https:\/\/freshgarbage.fi\/en\/wp-json\/wp\/v2\/media?parent=69286"}],"wp:term":[{"taxonomy":"product_brand","embeddable":true,"href":"https:\/\/freshgarbage.fi\/en\/wp-json\/wp\/v2\/product_brand?post=69286"},{"taxonomy":"product_cat","embeddable":true,"href":"https:\/\/freshgarbage.fi\/en\/wp-json\/wp\/v2\/product_cat?post=69286"},{"taxonomy":"product_tag","embeddable":true,"href":"https:\/\/freshgarbage.fi\/en\/wp-json\/wp\/v2\/product_tag?post=69286"}],"curies":[{"name":"wp","href":"https:\/\/api.w.org\/{rel}","templated":true}]}}