{"id":69231,"date":"2025-11-03T11:45:36","date_gmt":"2025-11-03T09:45:36","guid":{"rendered":"https:\/\/freshgarbage.fi\/tuote\/roy-orbison-shes-a-mystery-to-me-maxi\/"},"modified":"2025-11-03T11:45:36","modified_gmt":"2025-11-03T09:45:36","slug":"roy-orbison-shes-a-mystery-to-me-maxi","status":"publish","type":"product","link":"https:\/\/freshgarbage.fi\/en\/product\/roy-orbison-shes-a-mystery-to-me-maxi\/","title":{"rendered":"Roy Orbison \u2013 She&#8217;s A Mystery To Me MAXI"},"content":{"rendered":"","protected":false},"excerpt":{"rendered":"<p>Alkuper\u00e4inen Eurooppa-painos. Cut out, Anttilan hintalappu kannessa. Hieman kevytt\u00e4 j\u00e4lke\u00e4 sek\u00e4 yksi pr\u00e4ssiroska, soi kuitenkin hienosti.<\/p>\n<p>A Roy Orbison \u2013 She&#8217;s A Mystery To Me<br \/>\nB1 Roy Orbison Duet With KD Lang \u2013 Crying<br \/>\nB2 Roy Orbison \u2013 Dream Baby (Live)<\/p>\n","protected":false},"featured_media":58441,"template":"","meta":{"_acf_changed":false},"product_brand":[],"product_cat":[116],"product_tag":[],"class_list":{"0":"post-69231","1":"product","2":"type-product","3":"status-publish","4":"has-post-thumbnail","6":"product_cat-rock-pop-en","7":"pa_formaatti-lp-en","8":"pa_kaytetty-uusi-2nd-hand","10":"first","11":"instock","12":"shipping-taxable","13":"purchasable","14":"product-type-simple"},"acf":[],"_links":{"self":[{"href":"https:\/\/freshgarbage.fi\/en\/wp-json\/wp\/v2\/product\/69231","targetHints":{"allow":["GET"]}}],"collection":[{"href":"https:\/\/freshgarbage.fi\/en\/wp-json\/wp\/v2\/product"}],"about":[{"href":"https:\/\/freshgarbage.fi\/en\/wp-json\/wp\/v2\/types\/product"}],"wp:featuredmedia":[{"embeddable":true,"href":"https:\/\/freshgarbage.fi\/en\/wp-json\/wp\/v2\/media\/58441"}],"wp:attachment":[{"href":"https:\/\/freshgarbage.fi\/en\/wp-json\/wp\/v2\/media?parent=69231"}],"wp:term":[{"taxonomy":"product_brand","embeddable":true,"href":"https:\/\/freshgarbage.fi\/en\/wp-json\/wp\/v2\/product_brand?post=69231"},{"taxonomy":"product_cat","embeddable":true,"href":"https:\/\/freshgarbage.fi\/en\/wp-json\/wp\/v2\/product_cat?post=69231"},{"taxonomy":"product_tag","embeddable":true,"href":"https:\/\/freshgarbage.fi\/en\/wp-json\/wp\/v2\/product_tag?post=69231"}],"curies":[{"name":"wp","href":"https:\/\/api.w.org\/{rel}","templated":true}]}}