{"id":69207,"date":"2024-03-20T11:59:06","date_gmt":"2024-03-20T09:59:06","guid":{"rendered":"https:\/\/freshgarbage.fi\/tuote\/demdike-stare-elemental-parts-1-4\/"},"modified":"2024-03-20T11:59:06","modified_gmt":"2024-03-20T09:59:06","slug":"demdike-stare-elemental-parts-1-4","status":"publish","type":"product","link":"https:\/\/freshgarbage.fi\/en\/product\/demdike-stare-elemental-parts-1-4\/","title":{"rendered":"Demdike Stare \u2013 Elemental Parts 1-4"},"content":{"rendered":"","protected":false},"excerpt":{"rendered":"<p>Alunperin ensimm\u00e4iset kaksi osaa myyty kansion kanssa, johon tarkoitus laittaa kaikki nelj\u00e4 osaa. T\u00e4ss\u00e4 siis mukana kaikki nelj\u00e4 osaa kansion kanssa.<\/p>\n<p>Kahdessa kansion &#8220;lehdess\u00e4&#8221; pieni seam split yl\u00e4laidassa.<\/p>\n","protected":false},"featured_media":13404,"template":"","meta":{"_acf_changed":false},"product_brand":[],"product_cat":[127],"product_tag":[],"class_list":{"0":"post-69207","1":"product","2":"type-product","3":"status-publish","4":"has-post-thumbnail","6":"product_cat-electronic-en","7":"pa_formaatti-12-en","8":"pa_formaatti-box-set","9":"pa_kaytetty-uusi-2nd-hand","11":"first","12":"instock","13":"shipping-taxable","14":"purchasable","15":"product-type-simple"},"acf":[],"_links":{"self":[{"href":"https:\/\/freshgarbage.fi\/en\/wp-json\/wp\/v2\/product\/69207","targetHints":{"allow":["GET"]}}],"collection":[{"href":"https:\/\/freshgarbage.fi\/en\/wp-json\/wp\/v2\/product"}],"about":[{"href":"https:\/\/freshgarbage.fi\/en\/wp-json\/wp\/v2\/types\/product"}],"wp:featuredmedia":[{"embeddable":true,"href":"https:\/\/freshgarbage.fi\/en\/wp-json\/wp\/v2\/media\/13404"}],"wp:attachment":[{"href":"https:\/\/freshgarbage.fi\/en\/wp-json\/wp\/v2\/media?parent=69207"}],"wp:term":[{"taxonomy":"product_brand","embeddable":true,"href":"https:\/\/freshgarbage.fi\/en\/wp-json\/wp\/v2\/product_brand?post=69207"},{"taxonomy":"product_cat","embeddable":true,"href":"https:\/\/freshgarbage.fi\/en\/wp-json\/wp\/v2\/product_cat?post=69207"},{"taxonomy":"product_tag","embeddable":true,"href":"https:\/\/freshgarbage.fi\/en\/wp-json\/wp\/v2\/product_tag?post=69207"}],"curies":[{"name":"wp","href":"https:\/\/api.w.org\/{rel}","templated":true}]}}