{"id":69199,"date":"2025-11-06T11:46:05","date_gmt":"2025-11-06T09:46:05","guid":{"rendered":"https:\/\/freshgarbage.fi\/tuote\/mark-knopfler-shangri-la\/"},"modified":"2025-11-06T11:46:05","modified_gmt":"2025-11-06T09:46:05","slug":"mark-knopfler-shangri-la","status":"publish","type":"product","link":"https:\/\/freshgarbage.fi\/en\/product\/mark-knopfler-shangri-la\/","title":{"rendered":"Mark Knopfler \u2013 Shangri-La"},"content":{"rendered":"","protected":false},"excerpt":{"rendered":"<p>2LP. Alkuper\u00e4inen Eurooppa-painos. Pient\u00e4 taitosta yhdess\u00e4 kulmassa. A3:ssa jokunen vaimea napsu, kappalev\u00e4liss\u00e4 kuuluu selke\u00e4mmin. Muuten l\u00e4hinn\u00e4 jokunen hiusj\u00e4lki.<\/p>\n","protected":false},"featured_media":58644,"template":"","meta":{"_acf_changed":false},"product_brand":[],"product_cat":[116],"product_tag":[],"class_list":{"0":"post-69199","1":"product","2":"type-product","3":"status-publish","4":"has-post-thumbnail","6":"product_cat-rock-pop-en","7":"pa_formaatti-lp-en","8":"pa_kaytetty-uusi-2nd-hand","10":"first","11":"instock","12":"shipping-taxable","13":"purchasable","14":"product-type-simple"},"acf":[],"_links":{"self":[{"href":"https:\/\/freshgarbage.fi\/en\/wp-json\/wp\/v2\/product\/69199","targetHints":{"allow":["GET"]}}],"collection":[{"href":"https:\/\/freshgarbage.fi\/en\/wp-json\/wp\/v2\/product"}],"about":[{"href":"https:\/\/freshgarbage.fi\/en\/wp-json\/wp\/v2\/types\/product"}],"wp:featuredmedia":[{"embeddable":true,"href":"https:\/\/freshgarbage.fi\/en\/wp-json\/wp\/v2\/media\/58644"}],"wp:attachment":[{"href":"https:\/\/freshgarbage.fi\/en\/wp-json\/wp\/v2\/media?parent=69199"}],"wp:term":[{"taxonomy":"product_brand","embeddable":true,"href":"https:\/\/freshgarbage.fi\/en\/wp-json\/wp\/v2\/product_brand?post=69199"},{"taxonomy":"product_cat","embeddable":true,"href":"https:\/\/freshgarbage.fi\/en\/wp-json\/wp\/v2\/product_cat?post=69199"},{"taxonomy":"product_tag","embeddable":true,"href":"https:\/\/freshgarbage.fi\/en\/wp-json\/wp\/v2\/product_tag?post=69199"}],"curies":[{"name":"wp","href":"https:\/\/api.w.org\/{rel}","templated":true}]}}