{"id":69144,"date":"2024-03-20T14:28:25","date_gmt":"2024-03-20T12:28:25","guid":{"rendered":"https:\/\/freshgarbage.fi\/tuote\/john-maus-a-collection-of-rarities-and-previously-unreleased-material\/"},"modified":"2024-03-20T14:28:25","modified_gmt":"2024-03-20T12:28:25","slug":"john-maus-a-collection-of-rarities-and-previously-unreleased-material","status":"publish","type":"product","link":"https:\/\/freshgarbage.fi\/en\/product\/john-maus-a-collection-of-rarities-and-previously-unreleased-material\/","title":{"rendered":"John Maus \u2013 A Collection Of Rarities And Previously Unreleased Material"},"content":{"rendered":"","protected":false},"excerpt":{"rendered":"<ul>\n<li>Translucent Pink -vinyyli<\/li>\n<li>Numeroitu 480\/2000 (ensimm\u00e4iset 500 olivat pinkill\u00e4 vinyylill\u00e4)<\/li>\n<\/ul>\n<p>&nbsp;<\/p>\n","protected":false},"featured_media":13455,"template":"","meta":{"_acf_changed":false},"product_brand":[],"product_cat":[130,127],"product_tag":[],"class_list":{"0":"post-69144","1":"product","2":"type-product","3":"status-publish","4":"has-post-thumbnail","6":"product_cat-alternative-indie-rock","7":"product_cat-electronic-en","8":"pa_formaatti-lp-en","9":"pa_kaytetty-uusi-2nd-hand","11":"first","12":"instock","13":"shipping-taxable","14":"purchasable","15":"product-type-simple"},"acf":[],"_links":{"self":[{"href":"https:\/\/freshgarbage.fi\/en\/wp-json\/wp\/v2\/product\/69144","targetHints":{"allow":["GET"]}}],"collection":[{"href":"https:\/\/freshgarbage.fi\/en\/wp-json\/wp\/v2\/product"}],"about":[{"href":"https:\/\/freshgarbage.fi\/en\/wp-json\/wp\/v2\/types\/product"}],"wp:featuredmedia":[{"embeddable":true,"href":"https:\/\/freshgarbage.fi\/en\/wp-json\/wp\/v2\/media\/13455"}],"wp:attachment":[{"href":"https:\/\/freshgarbage.fi\/en\/wp-json\/wp\/v2\/media?parent=69144"}],"wp:term":[{"taxonomy":"product_brand","embeddable":true,"href":"https:\/\/freshgarbage.fi\/en\/wp-json\/wp\/v2\/product_brand?post=69144"},{"taxonomy":"product_cat","embeddable":true,"href":"https:\/\/freshgarbage.fi\/en\/wp-json\/wp\/v2\/product_cat?post=69144"},{"taxonomy":"product_tag","embeddable":true,"href":"https:\/\/freshgarbage.fi\/en\/wp-json\/wp\/v2\/product_tag?post=69144"}],"curies":[{"name":"wp","href":"https:\/\/api.w.org\/{rel}","templated":true}]}}