{"id":69104,"date":"2023-11-09T15:00:17","date_gmt":"2023-11-09T13:00:17","guid":{"rendered":"https:\/\/freshgarbage.fi\/tuote\/jimmy-reed-the-greatest-hits-of-jimmy-reed-vol-1\/"},"modified":"2023-11-09T15:00:17","modified_gmt":"2023-11-09T13:00:17","slug":"jimmy-reed-the-greatest-hits-of-jimmy-reed-vol-1","status":"publish","type":"product","link":"https:\/\/freshgarbage.fi\/en\/product\/jimmy-reed-the-greatest-hits-of-jimmy-reed-vol-1\/","title":{"rendered":"Jimmy Reed \u2013 The Greatest Hits Of Jimmy Reed Vol. 1"},"content":{"rendered":"","protected":false},"excerpt":{"rendered":"<p>P\u00e4\u00e4dyss\u00e4 muutaman sentin seam split ja saumakulumaa<\/p>\n","protected":false},"featured_media":5238,"template":"","meta":{"_acf_changed":false},"product_brand":[],"product_cat":[129],"product_tag":[],"class_list":{"0":"post-69104","1":"product","2":"type-product","3":"status-publish","4":"has-post-thumbnail","6":"product_cat-blues-blues-rock-en","7":"pa_formaatti-lp-en","8":"pa_kaytetty-uusi-2nd-hand","10":"first","11":"instock","12":"shipping-taxable","13":"purchasable","14":"product-type-simple"},"acf":[],"_links":{"self":[{"href":"https:\/\/freshgarbage.fi\/en\/wp-json\/wp\/v2\/product\/69104","targetHints":{"allow":["GET"]}}],"collection":[{"href":"https:\/\/freshgarbage.fi\/en\/wp-json\/wp\/v2\/product"}],"about":[{"href":"https:\/\/freshgarbage.fi\/en\/wp-json\/wp\/v2\/types\/product"}],"wp:featuredmedia":[{"embeddable":true,"href":"https:\/\/freshgarbage.fi\/en\/wp-json\/wp\/v2\/media\/5238"}],"wp:attachment":[{"href":"https:\/\/freshgarbage.fi\/en\/wp-json\/wp\/v2\/media?parent=69104"}],"wp:term":[{"taxonomy":"product_brand","embeddable":true,"href":"https:\/\/freshgarbage.fi\/en\/wp-json\/wp\/v2\/product_brand?post=69104"},{"taxonomy":"product_cat","embeddable":true,"href":"https:\/\/freshgarbage.fi\/en\/wp-json\/wp\/v2\/product_cat?post=69104"},{"taxonomy":"product_tag","embeddable":true,"href":"https:\/\/freshgarbage.fi\/en\/wp-json\/wp\/v2\/product_tag?post=69104"}],"curies":[{"name":"wp","href":"https:\/\/api.w.org\/{rel}","templated":true}]}}