{"id":69075,"date":"2024-04-30T11:50:13","date_gmt":"2024-04-30T08:50:13","guid":{"rendered":"https:\/\/freshgarbage.fi\/tuote\/telefon-tel-aviv-map-of-what-is-effortless\/"},"modified":"2026-02-23T16:45:30","modified_gmt":"2026-02-23T14:45:30","slug":"telefon-tel-aviv-map-of-what-is-effortless","status":"publish","type":"product","link":"https:\/\/freshgarbage.fi\/en\/product\/telefon-tel-aviv-map-of-what-is-effortless\/","title":{"rendered":"Telefon Tel Aviv \u2013 Map Of What Is Effortless"},"content":{"rendered":"","protected":false},"excerpt":{"rendered":"<p>2LP. Alkuper\u00e4inen USA-painos.<\/p>\n<p>Joitakin kevyit\u00e4 j\u00e4lki\u00e4, mutta ei tunnu olevan vaikutusta toistoon.<\/p>\n","protected":false},"featured_media":15922,"template":"","meta":{"_acf_changed":false},"product_brand":[],"product_cat":[127],"product_tag":[],"class_list":{"0":"post-69075","1":"product","2":"type-product","3":"status-publish","4":"has-post-thumbnail","6":"product_cat-electronic-en","7":"pa_formaatti-lp-en","8":"pa_kaytetty-uusi-2nd-hand","10":"first","11":"instock","12":"shipping-taxable","13":"purchasable","14":"product-type-simple"},"acf":[],"_links":{"self":[{"href":"https:\/\/freshgarbage.fi\/en\/wp-json\/wp\/v2\/product\/69075","targetHints":{"allow":["GET"]}}],"collection":[{"href":"https:\/\/freshgarbage.fi\/en\/wp-json\/wp\/v2\/product"}],"about":[{"href":"https:\/\/freshgarbage.fi\/en\/wp-json\/wp\/v2\/types\/product"}],"wp:featuredmedia":[{"embeddable":true,"href":"https:\/\/freshgarbage.fi\/en\/wp-json\/wp\/v2\/media\/15922"}],"wp:attachment":[{"href":"https:\/\/freshgarbage.fi\/en\/wp-json\/wp\/v2\/media?parent=69075"}],"wp:term":[{"taxonomy":"product_brand","embeddable":true,"href":"https:\/\/freshgarbage.fi\/en\/wp-json\/wp\/v2\/product_brand?post=69075"},{"taxonomy":"product_cat","embeddable":true,"href":"https:\/\/freshgarbage.fi\/en\/wp-json\/wp\/v2\/product_cat?post=69075"},{"taxonomy":"product_tag","embeddable":true,"href":"https:\/\/freshgarbage.fi\/en\/wp-json\/wp\/v2\/product_tag?post=69075"}],"curies":[{"name":"wp","href":"https:\/\/api.w.org\/{rel}","templated":true}]}}