{"id":68919,"date":"2025-05-14T10:30:38","date_gmt":"2025-05-14T07:30:38","guid":{"rendered":"https:\/\/freshgarbage.fi\/tuote\/lauri-kallio-turtles-cats-and-other-creatures\/"},"modified":"2026-02-02T21:09:25","modified_gmt":"2026-02-02T19:09:25","slug":"lauri-kallio-turtles-cats-and-other-creatures","status":"publish","type":"product","link":"https:\/\/freshgarbage.fi\/en\/product\/lauri-kallio-turtles-cats-and-other-creatures\/","title":{"rendered":"Lauri Kallio \u2013 Turtles, Cats and Other Creatures"},"content":{"rendered":"","protected":false},"excerpt":{"rendered":"<p>Turtles, Cats, and Other Creatures is Lauri Kallio&#8217;s second album, and it is about connection\u2014connection to music, humans, animals, and different kinds of unspeakable feelings. The music embraces the DIY aesthetic: all the songs are written, recorded, produced, and mixed by Lauri Kallio himself. The work was done outside the distractions of city life in his countryside studio in the small town of Kiikala. Some of the tracks were recorded live in the town&#8217;s local church. On the album, you can hear his love for music\u2014it is a fusion of many sonic palettes. The ones that stand out the most are funk\/beats, jazz, electronic music, and Italian motion picture soundtracks from the &#8217;70s.<\/p>\n<p>Kuuntele t\u00e4\u00e4lt\u00e4: <a href=\"https:\/\/mustikmotelmusic.bandcamp.com\/album\/turtles-cats-and-other-creatures\">https:\/\/mustikmotelmusic.bandcamp.com\/album\/turtles-cats-and-other-creatures<\/a><\/p>\n<p>01. Forgetting Things (ft. Jimi Tenor) 05:44<br \/>\n02. Berry Rock 03:26<br \/>\n03. Vainajala 05:06<br \/>\n04. P\u00e4iv\u00e4t Valuvat 08:19<br \/>\n05. Meirami (The World Awaits) 03:10<br \/>\n06. Aaveet \/ Ghosts of Kiikala 04:43<br \/>\n07. Spiralling Down (ft. Ekowmania) 03:53<br \/>\n08. H\u00e4m\u00e4r\u00e4n\u00e4k\u00f6 06:28<\/p>\n","protected":false},"featured_media":32085,"template":"","meta":{"_acf_changed":false},"product_brand":[],"product_cat":[126,120,122,107,132],"product_tag":[],"class_list":{"0":"post-68919","1":"product","2":"type-product","3":"status-publish","4":"has-post-thumbnail","6":"product_cat-experimental-ambient-noise-contemporary-classical","7":"product_cat-finnish","8":"product_cat-jazz-fusion-en","9":"product_cat-new","10":"product_cat-soul-funk-disco-rnb-en","11":"pa_formaatti-lp-en","12":"pa_kaytetty-uusi-new","14":"first","15":"instock","16":"taxable","17":"shipping-taxable","18":"purchasable","19":"product-type-simple"},"acf":[],"_links":{"self":[{"href":"https:\/\/freshgarbage.fi\/en\/wp-json\/wp\/v2\/product\/68919","targetHints":{"allow":["GET"]}}],"collection":[{"href":"https:\/\/freshgarbage.fi\/en\/wp-json\/wp\/v2\/product"}],"about":[{"href":"https:\/\/freshgarbage.fi\/en\/wp-json\/wp\/v2\/types\/product"}],"wp:featuredmedia":[{"embeddable":true,"href":"https:\/\/freshgarbage.fi\/en\/wp-json\/wp\/v2\/media\/32085"}],"wp:attachment":[{"href":"https:\/\/freshgarbage.fi\/en\/wp-json\/wp\/v2\/media?parent=68919"}],"wp:term":[{"taxonomy":"product_brand","embeddable":true,"href":"https:\/\/freshgarbage.fi\/en\/wp-json\/wp\/v2\/product_brand?post=68919"},{"taxonomy":"product_cat","embeddable":true,"href":"https:\/\/freshgarbage.fi\/en\/wp-json\/wp\/v2\/product_cat?post=68919"},{"taxonomy":"product_tag","embeddable":true,"href":"https:\/\/freshgarbage.fi\/en\/wp-json\/wp\/v2\/product_tag?post=68919"}],"curies":[{"name":"wp","href":"https:\/\/api.w.org\/{rel}","templated":true}]}}