{"id":68899,"date":"2024-07-23T11:30:45","date_gmt":"2024-07-23T08:30:45","guid":{"rendered":"https:\/\/freshgarbage.fi\/tuote\/jack-nitzsche-starman-original-motion-picture-soundtrack\/"},"modified":"2024-07-23T11:30:45","modified_gmt":"2024-07-23T08:30:45","slug":"jack-nitzsche-starman-original-motion-picture-soundtrack","status":"publish","type":"product","link":"https:\/\/freshgarbage.fi\/en\/product\/jack-nitzsche-starman-original-motion-picture-soundtrack\/","title":{"rendered":"Jack Nitzsche \u2013 Starman (Original Motion Picture Soundtrack)"},"content":{"rendered":"","protected":false},"excerpt":{"rendered":"<p>Alkuper\u00e4inen US-painos. Soittamaton.<\/p>\n<p>Tehtaan muovin p\u00e4\u00e4tysauma on auennut l\u00e4hes kauttaaltaan, mutta pid\u00e4n mahdottomana, ett\u00e4 suojamuovi olisi voitu irrottaa ja sujauttaa takaisin kannen p\u00e4\u00e4lle.<\/p>\n","protected":false},"featured_media":19630,"template":"","meta":{"_acf_changed":false},"product_brand":[],"product_cat":[133],"product_tag":[],"class_list":{"0":"post-68899","1":"product","2":"type-product","3":"status-publish","4":"has-post-thumbnail","6":"product_cat-soundtracks-en","7":"pa_formaatti-lp-en","8":"pa_kaytetty-uusi-2nd-hand","10":"first","11":"instock","12":"shipping-taxable","13":"purchasable","14":"product-type-simple"},"acf":[],"_links":{"self":[{"href":"https:\/\/freshgarbage.fi\/en\/wp-json\/wp\/v2\/product\/68899","targetHints":{"allow":["GET"]}}],"collection":[{"href":"https:\/\/freshgarbage.fi\/en\/wp-json\/wp\/v2\/product"}],"about":[{"href":"https:\/\/freshgarbage.fi\/en\/wp-json\/wp\/v2\/types\/product"}],"wp:featuredmedia":[{"embeddable":true,"href":"https:\/\/freshgarbage.fi\/en\/wp-json\/wp\/v2\/media\/19630"}],"wp:attachment":[{"href":"https:\/\/freshgarbage.fi\/en\/wp-json\/wp\/v2\/media?parent=68899"}],"wp:term":[{"taxonomy":"product_brand","embeddable":true,"href":"https:\/\/freshgarbage.fi\/en\/wp-json\/wp\/v2\/product_brand?post=68899"},{"taxonomy":"product_cat","embeddable":true,"href":"https:\/\/freshgarbage.fi\/en\/wp-json\/wp\/v2\/product_cat?post=68899"},{"taxonomy":"product_tag","embeddable":true,"href":"https:\/\/freshgarbage.fi\/en\/wp-json\/wp\/v2\/product_tag?post=68899"}],"curies":[{"name":"wp","href":"https:\/\/api.w.org\/{rel}","templated":true}]}}