{"id":68681,"date":"2025-06-18T12:11:02","date_gmt":"2025-06-18T09:11:02","guid":{"rendered":"https:\/\/freshgarbage.fi\/tuote\/the-staple-singers-the-twenty-fifth-day-of-december\/"},"modified":"2025-06-18T12:11:02","modified_gmt":"2025-06-18T09:11:02","slug":"the-staple-singers-the-twenty-fifth-day-of-december","status":"publish","type":"product","link":"https:\/\/freshgarbage.fi\/en\/product\/the-staple-singers-the-twenty-fifth-day-of-december\/","title":{"rendered":"The Staple Singers \u2013 The Twenty-Fifth Day Of December"},"content":{"rendered":"","protected":false},"excerpt":{"rendered":"<p>Alkuper\u00e4inen US-painos (stereo).<\/p>\n<p>Levyss\u00e4 vain heiver\u00f6ist\u00e4 pintaj\u00e4lke\u00e4. Hyvin vaimeaa taustaripsett\u00e4 paikoin havaittavissa, mutta p\u00e4\u00e4osin soi erinomaisesti. Etukanteen liimautunut pahvinpala.<\/p>\n","protected":false},"featured_media":36032,"template":"","meta":{"_acf_changed":false},"product_brand":[],"product_cat":[132],"product_tag":[],"class_list":{"0":"post-68681","1":"product","2":"type-product","3":"status-publish","4":"has-post-thumbnail","6":"product_cat-soul-funk-disco-rnb-en","7":"pa_formaatti-lp-en","8":"pa_kaytetty-uusi-2nd-hand","10":"first","11":"instock","12":"shipping-taxable","13":"purchasable","14":"product-type-simple"},"acf":[],"_links":{"self":[{"href":"https:\/\/freshgarbage.fi\/en\/wp-json\/wp\/v2\/product\/68681","targetHints":{"allow":["GET"]}}],"collection":[{"href":"https:\/\/freshgarbage.fi\/en\/wp-json\/wp\/v2\/product"}],"about":[{"href":"https:\/\/freshgarbage.fi\/en\/wp-json\/wp\/v2\/types\/product"}],"wp:featuredmedia":[{"embeddable":true,"href":"https:\/\/freshgarbage.fi\/en\/wp-json\/wp\/v2\/media\/36032"}],"wp:attachment":[{"href":"https:\/\/freshgarbage.fi\/en\/wp-json\/wp\/v2\/media?parent=68681"}],"wp:term":[{"taxonomy":"product_brand","embeddable":true,"href":"https:\/\/freshgarbage.fi\/en\/wp-json\/wp\/v2\/product_brand?post=68681"},{"taxonomy":"product_cat","embeddable":true,"href":"https:\/\/freshgarbage.fi\/en\/wp-json\/wp\/v2\/product_cat?post=68681"},{"taxonomy":"product_tag","embeddable":true,"href":"https:\/\/freshgarbage.fi\/en\/wp-json\/wp\/v2\/product_tag?post=68681"}],"curies":[{"name":"wp","href":"https:\/\/api.w.org\/{rel}","templated":true}]}}