{"id":68642,"date":"2025-06-24T18:00:03","date_gmt":"2025-06-24T15:00:03","guid":{"rendered":"https:\/\/freshgarbage.fi\/tuote\/andre-williams-thats-all-i-need\/"},"modified":"2025-06-24T18:00:03","modified_gmt":"2025-06-24T15:00:03","slug":"andre-williams-thats-all-i-need","status":"publish","type":"product","link":"https:\/\/freshgarbage.fi\/en\/product\/andre-williams-thats-all-i-need\/","title":{"rendered":"Andre Williams \u2013 That&#8217;s All I Need"},"content":{"rendered":"","protected":false},"excerpt":{"rendered":"<p>Levyss\u00e4 molemmilla puolilla &#8220;painaumaj\u00e4lke\u00e4&#8221;, mutta ei vaikutusta toistoon.<\/p>\n","protected":false},"featured_media":36187,"template":"","meta":{"_acf_changed":false},"product_brand":[],"product_cat":[132],"product_tag":[],"class_list":{"0":"post-68642","1":"product","2":"type-product","3":"status-publish","4":"has-post-thumbnail","6":"product_cat-soul-funk-disco-rnb-en","7":"pa_formaatti-lp-en","8":"pa_kaytetty-uusi-2nd-hand","10":"first","11":"instock","12":"shipping-taxable","13":"purchasable","14":"product-type-simple"},"acf":[],"_links":{"self":[{"href":"https:\/\/freshgarbage.fi\/en\/wp-json\/wp\/v2\/product\/68642","targetHints":{"allow":["GET"]}}],"collection":[{"href":"https:\/\/freshgarbage.fi\/en\/wp-json\/wp\/v2\/product"}],"about":[{"href":"https:\/\/freshgarbage.fi\/en\/wp-json\/wp\/v2\/types\/product"}],"wp:featuredmedia":[{"embeddable":true,"href":"https:\/\/freshgarbage.fi\/en\/wp-json\/wp\/v2\/media\/36187"}],"wp:attachment":[{"href":"https:\/\/freshgarbage.fi\/en\/wp-json\/wp\/v2\/media?parent=68642"}],"wp:term":[{"taxonomy":"product_brand","embeddable":true,"href":"https:\/\/freshgarbage.fi\/en\/wp-json\/wp\/v2\/product_brand?post=68642"},{"taxonomy":"product_cat","embeddable":true,"href":"https:\/\/freshgarbage.fi\/en\/wp-json\/wp\/v2\/product_cat?post=68642"},{"taxonomy":"product_tag","embeddable":true,"href":"https:\/\/freshgarbage.fi\/en\/wp-json\/wp\/v2\/product_tag?post=68642"}],"curies":[{"name":"wp","href":"https:\/\/api.w.org\/{rel}","templated":true}]}}