{"id":68636,"date":"2025-06-24T18:00:30","date_gmt":"2025-06-24T15:00:30","guid":{"rendered":"https:\/\/freshgarbage.fi\/tuote\/billy-preston-the-most-exciting-organ-ever\/"},"modified":"2025-06-24T18:00:30","modified_gmt":"2025-06-24T15:00:30","slug":"billy-preston-the-most-exciting-organ-ever","status":"publish","type":"product","link":"https:\/\/freshgarbage.fi\/en\/product\/billy-preston-the-most-exciting-organ-ever\/","title":{"rendered":"Billy Preston \u2013 The Most Exciting Organ Ever"},"content":{"rendered":"","protected":false},"excerpt":{"rendered":"<p>UK-painos 60-luvun lopusta (stereo).<\/p>\n<p>Levyss\u00e4 kevytt\u00e4 pintaj\u00e4lke\u00e4, mutta ei vaikutusta toistoon.<\/p>\n","protected":false},"featured_media":36189,"template":"","meta":{"_acf_changed":false},"product_brand":[],"product_cat":[132],"product_tag":[],"class_list":{"0":"post-68636","1":"product","2":"type-product","3":"status-publish","4":"has-post-thumbnail","6":"product_cat-soul-funk-disco-rnb-en","7":"pa_formaatti-lp-en","8":"pa_kaytetty-uusi-2nd-hand","10":"first","11":"instock","12":"shipping-taxable","13":"purchasable","14":"product-type-simple"},"acf":[],"_links":{"self":[{"href":"https:\/\/freshgarbage.fi\/en\/wp-json\/wp\/v2\/product\/68636","targetHints":{"allow":["GET"]}}],"collection":[{"href":"https:\/\/freshgarbage.fi\/en\/wp-json\/wp\/v2\/product"}],"about":[{"href":"https:\/\/freshgarbage.fi\/en\/wp-json\/wp\/v2\/types\/product"}],"wp:featuredmedia":[{"embeddable":true,"href":"https:\/\/freshgarbage.fi\/en\/wp-json\/wp\/v2\/media\/36189"}],"wp:attachment":[{"href":"https:\/\/freshgarbage.fi\/en\/wp-json\/wp\/v2\/media?parent=68636"}],"wp:term":[{"taxonomy":"product_brand","embeddable":true,"href":"https:\/\/freshgarbage.fi\/en\/wp-json\/wp\/v2\/product_brand?post=68636"},{"taxonomy":"product_cat","embeddable":true,"href":"https:\/\/freshgarbage.fi\/en\/wp-json\/wp\/v2\/product_cat?post=68636"},{"taxonomy":"product_tag","embeddable":true,"href":"https:\/\/freshgarbage.fi\/en\/wp-json\/wp\/v2\/product_tag?post=68636"}],"curies":[{"name":"wp","href":"https:\/\/api.w.org\/{rel}","templated":true}]}}